{"id":6,"date":"2021-06-11T14:11:42","date_gmt":"2021-06-11T14:11:42","guid":{"rendered":"https:\/\/kaunogatviuapsvietimas.lt\/index.php\/home\/"},"modified":"2026-01-21T10:44:52","modified_gmt":"2026-01-21T10:44:52","slug":"home","status":"publish","type":"page","link":"https:\/\/kaunogatviuapsvietimas.lt\/","title":{"rendered":"Home"},"content":{"rendered":"\t\t<div data-elementor-type=\"wp-page\" data-elementor-id=\"6\" class=\"elementor elementor-6\" data-elementor-post-type=\"page\">\r\n\t\t\t\t\t\t\t<div class=\"elementor-element elementor-element-4b41ff0 e-flex e-con-boxed e-con e-parent\" data-id=\"4b41ff0\" data-element_type=\"container\" data-settings=\"{&quot;background_background&quot;:&quot;classic&quot;,&quot;content_width&quot;:&quot;boxed&quot;}\" data-core-v316-plus=\"true\">\r\n\t\t\t\t\t<div class=\"e-con-inner\">\r\n\t\t<div class=\"elementor-element elementor-element-1de03b1 e-con-full e-flex e-con e-child\" data-id=\"1de03b1\" data-element_type=\"container\" data-settings=\"{&quot;content_width&quot;:&quot;full&quot;}\">\r\n\t\t\t\t<div class=\"elementor-element elementor-element-f941175 elementor-widget elementor-widget-heading\" data-id=\"f941175\" data-element_type=\"widget\" data-widget_type=\"heading.default\">\r\n\t\t\t\t<div class=\"elementor-widget-container\">\r\n\t\t\t<style>\/*! elementor - v3.17.0 - 08-11-2023 *\/\n.elementor-heading-title{padding:0;margin:0;line-height:1}.elementor-widget-heading .elementor-heading-title[class*=elementor-size-]>a{color:inherit;font-size:inherit;line-height:inherit}.elementor-widget-heading .elementor-heading-title.elementor-size-small{font-size:15px}.elementor-widget-heading .elementor-heading-title.elementor-size-medium{font-size:19px}.elementor-widget-heading .elementor-heading-title.elementor-size-large{font-size:29px}.elementor-widget-heading .elementor-heading-title.elementor-size-xl{font-size:39px}.elementor-widget-heading .elementor-heading-title.elementor-size-xxl{font-size:59px}<\/style><h3 class=\"elementor-heading-title elementor-size-default\">Profesionali gatvi\u0173 ap\u0161vietimo, <br>\neismo valdymo sistem\u0173 ir <br>\n\u017eeldini\u0173 prie\u017ei\u016bra<\/h3>\t\t<\/div>\r\n\t\t\t\t<\/div>\r\n\t\t\t\t<\/div>\r\n\t\t\t\t\t<\/div>\r\n\t\t\t\t<\/div>\r\n\t\t<div class=\"elementor-element elementor-element-ffd381f e-flex e-con-boxed e-con e-parent\" data-id=\"ffd381f\" data-element_type=\"container\" data-settings=\"{&quot;background_background&quot;:&quot;classic&quot;,&quot;content_width&quot;:&quot;boxed&quot;}\" data-core-v316-plus=\"true\">\r\n\t\t\t\t\t<div class=\"e-con-inner\">\r\n\t\t<div class=\"elementor-element elementor-element-677c85f e-con-full e-flex e-con e-child\" data-id=\"677c85f\" data-element_type=\"container\" data-settings=\"{&quot;background_background&quot;:&quot;classic&quot;,&quot;content_width&quot;:&quot;full&quot;}\">\r\n\t\t<div class=\"elementor-element elementor-element-0943952 e-flex e-con-boxed e-con e-child\" data-id=\"0943952\" data-element_type=\"container\" data-settings=\"{&quot;content_width&quot;:&quot;boxed&quot;}\">\r\n\t\t\t\t\t<div class=\"e-con-inner\">\r\n\t\t<div class=\"elementor-element elementor-element-4c68244 e-con-full e-flex e-con e-child\" data-id=\"4c68244\" data-element_type=\"container\" data-settings=\"{&quot;content_width&quot;:&quot;full&quot;}\">\r\n\t\t\t\t<div class=\"elementor-element elementor-element-eb516b7 elementor-widget elementor-widget-icon-box\" data-id=\"eb516b7\" data-element_type=\"widget\" data-widget_type=\"icon-box.default\">\r\n\t\t\t\t<div class=\"elementor-widget-container\">\r\n\t\t\t<link rel=\"stylesheet\" href=\"https:\/\/kaunogatviuapsvietimas.lt\/wp-content\/plugins\/elementor\/assets\/css\/widget-icon-box.min.css\">\t\t<div class=\"elementor-icon-box-wrapper\">\r\n\t\t\t\t\t\t<div class=\"elementor-icon-box-content\">\r\n\t\t\t\t<h6 class=\"elementor-icon-box-title\">\r\n\t\t\t\t\t<a href=\"https:\/\/kaunogatviuapsvietimas.lt\/?page_id=1576\" >\r\n\t\t\t\t\t\tGatvi\u0173 ap\u0161vietimo tinkl\u0173 eksploatavimas\t\t\t\t\t<\/a>\r\n\t\t\t\t<\/h6>\r\n\t\t\t\t\t\t\t<\/div>\r\n\t\t<\/div>\r\n\t\t\t\t<\/div>\r\n\t\t\t\t<\/div>\r\n\t\t\t\t<\/div>\r\n\t\t<div class=\"elementor-element elementor-element-b9d8fe4 e-con-full e-flex e-con e-child\" data-id=\"b9d8fe4\" data-element_type=\"container\" data-settings=\"{&quot;content_width&quot;:&quot;full&quot;}\">\r\n\t\t\t\t<div class=\"elementor-element elementor-element-36b9b3e elementor-widget elementor-widget-icon-box\" data-id=\"36b9b3e\" data-element_type=\"widget\" data-widget_type=\"icon-box.default\">\r\n\t\t\t\t<div class=\"elementor-widget-container\">\r\n\t\t\t\t\t<div class=\"elementor-icon-box-wrapper\">\r\n\t\t\t\t\t\t<div class=\"elementor-icon-box-content\">\r\n\t\t\t\t<h6 class=\"elementor-icon-box-title\">\r\n\t\t\t\t\t<a href=\"https:\/\/kaunogatviuapsvietimas.lt\/?page_id=1580\" >\r\n\t\t\t\t\t\t\u017deldini\u0173, mi\u0161ko park\u0173 prie\u017ei\u016bra\t\t\t\t\t<\/a>\r\n\t\t\t\t<\/h6>\r\n\t\t\t\t\t\t\t<\/div>\r\n\t\t<\/div>\r\n\t\t\t\t<\/div>\r\n\t\t\t\t<\/div>\r\n\t\t\t\t<\/div>\r\n\t\t<div class=\"elementor-element elementor-element-857d605 e-con-full e-flex e-con e-child\" data-id=\"857d605\" data-element_type=\"container\" data-settings=\"{&quot;content_width&quot;:&quot;full&quot;}\">\r\n\t\t\t\t<div class=\"elementor-element elementor-element-3516ed9 elementor-widget elementor-widget-icon-box\" data-id=\"3516ed9\" data-element_type=\"widget\" data-widget_type=\"icon-box.default\">\r\n\t\t\t\t<div class=\"elementor-widget-container\">\r\n\t\t\t\t\t<div class=\"elementor-icon-box-wrapper\">\r\n\t\t\t\t\t\t<div class=\"elementor-icon-box-content\">\r\n\t\t\t\t<h6 class=\"elementor-icon-box-title\">\r\n\t\t\t\t\t<a href=\"https:\/\/kaunogatviuapsvietimas.lt\/?page_id=1578\" >\r\n\t\t\t\t\t\t\u0160viesofor\u0173, kelio \u017eenkl\u0173 prie\u017ei\u016bra\t\t\t\t\t<\/a>\r\n\t\t\t\t<\/h6>\r\n\t\t\t\t\t\t\t<\/div>\r\n\t\t<\/div>\r\n\t\t\t\t<\/div>\r\n\t\t\t\t<\/div>\r\n\t\t\t\t<\/div>\r\n\t\t\t\t\t<\/div>\r\n\t\t\t\t<\/div>\r\n\t\t\t\t<\/div>\r\n\t\t\t\t\t<\/div>\r\n\t\t\t\t<\/div>\r\n\t\t<div class=\"elementor-element elementor-element-9aef64f e-flex e-con-boxed e-con e-parent\" data-id=\"9aef64f\" data-element_type=\"container\" data-settings=\"{&quot;background_background&quot;:&quot;classic&quot;,&quot;content_width&quot;:&quot;boxed&quot;}\" data-core-v316-plus=\"true\">\r\n\t\t\t\t\t<div class=\"e-con-inner\">\r\n\t\t<div class=\"elementor-element elementor-element-eb814d2 e-con-full e-flex e-con e-child\" data-id=\"eb814d2\" data-element_type=\"container\" data-settings=\"{&quot;content_width&quot;:&quot;full&quot;}\">\r\n\t\t\t\t<div class=\"elementor-element elementor-element-2aca92b elementor-widget elementor-widget-image\" data-id=\"2aca92b\" data-element_type=\"widget\" data-widget_type=\"image.default\">\r\n\t\t\t\t<div class=\"elementor-widget-container\">\r\n\t\t\t<style>\/*! elementor - v3.17.0 - 08-11-2023 *\/\n.elementor-widget-image{text-align:center}.elementor-widget-image a{display:inline-block}.elementor-widget-image a img[src$=\".svg\"]{width:48px}.elementor-widget-image img{vertical-align:middle;display:inline-block}<\/style>\t\t\t\t\t\t\t\t\t\t\t\t<img fetchpriority=\"high\" decoding=\"async\" width=\"978\" height=\"557\" src=\"https:\/\/kaunogatviuapsvietimas.lt\/wp-content\/uploads\/2023\/11\/KGA-diena.jpg\" class=\"elementor-animation-float attachment-full size-full wp-image-1278\" alt=\"\" srcset=\"https:\/\/kaunogatviuapsvietimas.lt\/wp-content\/uploads\/2023\/11\/KGA-diena.jpg 978w, https:\/\/kaunogatviuapsvietimas.lt\/wp-content\/uploads\/2023\/11\/KGA-diena-300x171.jpg 300w, https:\/\/kaunogatviuapsvietimas.lt\/wp-content\/uploads\/2023\/11\/KGA-diena-768x437.jpg 768w\" sizes=\"(max-width: 978px) 100vw, 978px\" \/>\t\t\t\t\t\t\t\t\t\t\t\t\t\t\t<\/div>\r\n\t\t\t\t<\/div>\r\n\t\t\t\t<div class=\"elementor-element elementor-element-09d2f59 elementor-widget elementor-widget-image\" data-id=\"09d2f59\" data-element_type=\"widget\" data-widget_type=\"image.default\">\r\n\t\t\t\t<div class=\"elementor-widget-container\">\r\n\t\t\t\t\t\t\t\t\t\t\t\t\t\t\t<img decoding=\"async\" width=\"228\" height=\"300\" src=\"https:\/\/kaunogatviuapsvietimas.lt\/wp-content\/uploads\/2023\/11\/Capture2-228x300.png\" class=\"elementor-animation-float attachment-medium size-medium wp-image-1283\" alt=\"\" srcset=\"https:\/\/kaunogatviuapsvietimas.lt\/wp-content\/uploads\/2023\/11\/Capture2-228x300.png 228w, https:\/\/kaunogatviuapsvietimas.lt\/wp-content\/uploads\/2023\/11\/Capture2.png 583w\" sizes=\"(max-width: 228px) 100vw, 228px\" \/>\t\t\t\t\t\t\t\t\t\t\t\t\t\t\t<\/div>\r\n\t\t\t\t<\/div>\r\n\t\t\t\t<\/div>\r\n\t\t<div class=\"elementor-element elementor-element-8bc7cb5 e-con-full e-flex e-con e-child\" data-id=\"8bc7cb5\" data-element_type=\"container\" data-settings=\"{&quot;content_width&quot;:&quot;full&quot;}\">\r\n\t\t\t\t<div class=\"elementor-element elementor-element-732a4be elementor-widget elementor-widget-heading\" data-id=\"732a4be\" data-element_type=\"widget\" data-widget_type=\"heading.default\">\r\n\t\t\t\t<div class=\"elementor-widget-container\">\r\n\t\t\t<h6 class=\"elementor-heading-title elementor-size-default\">APIE MUS\n<\/h6>\t\t<\/div>\r\n\t\t\t\t<\/div>\r\n\t\t\t\t<div class=\"elementor-element elementor-element-ed160a2 elementor-widget elementor-widget-icon-box\" data-id=\"ed160a2\" data-element_type=\"widget\" data-widget_type=\"icon-box.default\">\r\n\t\t\t\t<div class=\"elementor-widget-container\">\r\n\t\t\t\t\t<div class=\"elementor-icon-box-wrapper\">\r\n\t\t\t\t\t\t<div class=\"elementor-icon-box-content\">\r\n\t\t\t\t<h2 class=\"elementor-icon-box-title\">\r\n\t\t\t\t\t<span  >\r\n\t\t\t\t\t\t\t\t\t\t\t<\/span>\r\n\t\t\t\t<\/h2>\r\n\t\t\t\t\t\t\t\t\t<p class=\"elementor-icon-box-description\">\r\n\t\t\t\t\t\tGatvi\u0173 ap\u0161vietimas  tiesiogiai \u012ftakoja transporto eism\u0105 ir gyventoj\u0173 saugum\u0105 tamsiu paros metu. Tada atliekama apie 25% vis\u0173 kelioni\u0173, o nelaiming\u0173 atsitikim\u0173 \u012fvyksta 3 kartus daugiau negu dien\u0105. Nustatyta, kad, tinkamai ap\u0161vietus gatves, ypa\u010d p\u0117s\u010di\u0173j\u0173 per\u0117jas, galima apie 30% suma\u017einti nelaiming\u0173 atsitikim\u0173 skai\u010di\u0173. Be to, suma\u017e\u0117ja kriminalini\u0173 nusikaltim\u0173 skai\u010dius, pager\u0117ja miestie\u010di\u0173 savijauta, saugumo jausmas.\n\t\t\t\t\t<\/p>\r\n\t\t\t\t\t\t\t<\/div>\r\n\t\t<\/div>\r\n\t\t\t\t<\/div>\r\n\t\t\t\t<\/div>\r\n\t\t\t\t<div class=\"elementor-element elementor-element-f084b56 elementor-hidden-desktop elementor-hidden-tablet elementor-hidden-mobile elementor-icon-list--layout-traditional elementor-list-item-link-full_width elementor-widget elementor-widget-icon-list\" data-id=\"f084b56\" data-element_type=\"widget\" data-widget_type=\"icon-list.default\">\r\n\t\t\t\t<div class=\"elementor-widget-container\">\r\n\t\t\t<link rel=\"stylesheet\" href=\"https:\/\/kaunogatviuapsvietimas.lt\/wp-content\/plugins\/elementor\/assets\/css\/widget-icon-list.min.css\">\t\t<ul class=\"elementor-icon-list-items\">\r\n\t\t\t\t\t\t\t<li class=\"elementor-icon-list-item\">\r\n\t\t\t\t\t\t\t\t\t\t\t<span class=\"elementor-icon-list-icon\">\r\n\t\t\t\t\t\t\t<i aria-hidden=\"true\" class=\"fas fa-award\"><\/i>\t\t\t\t\t\t<\/span>\r\n\t\t\t\t\t\t\t\t\t\t<span class=\"elementor-icon-list-text\">Certified Company<\/span>\r\n\t\t\t\t\t\t\t\t\t<\/li>\r\n\t\t\t\t\t\t<\/ul>\r\n\t\t\t\t<\/div>\r\n\t\t\t\t<\/div>\r\n\t\t\t\t<div class=\"elementor-element elementor-element-9e711c1 elementor-widget elementor-widget-button\" data-id=\"9e711c1\" data-element_type=\"widget\" data-widget_type=\"button.default\">\r\n\t\t\t\t<div class=\"elementor-widget-container\">\r\n\t\t\t\t\t<div class=\"elementor-button-wrapper\">\r\n\t\t\t<a class=\"elementor-button elementor-button-link elementor-size-sm\" href=\"https:\/\/kaunogatviuapsvietimas.lt\/?page_id=9\">\r\n\t\t\t\t\t\t<span class=\"elementor-button-content-wrapper\">\r\n\t\t\t\t\t\t<span class=\"elementor-button-text\">Daugiau apie mus<\/span>\r\n\t\t<\/span>\r\n\t\t\t\t\t<\/a>\r\n\t\t<\/div>\r\n\t\t\t\t<\/div>\r\n\t\t\t\t<\/div>\r\n\t\t\t\t<\/div>\r\n\t\t\t\t\t<\/div>\r\n\t\t\t\t<\/div>\r\n\t\t<div class=\"elementor-element elementor-element-c386dd1 e-flex e-con-boxed e-con e-parent\" data-id=\"c386dd1\" data-element_type=\"container\" data-settings=\"{&quot;background_background&quot;:&quot;classic&quot;,&quot;content_width&quot;:&quot;boxed&quot;}\" data-core-v316-plus=\"true\">\r\n\t\t\t\t\t<div class=\"e-con-inner\">\r\n\t\t<div class=\"elementor-element elementor-element-ee16ebb e-con-full e-flex e-con e-child\" data-id=\"ee16ebb\" data-element_type=\"container\" data-settings=\"{&quot;content_width&quot;:&quot;full&quot;}\">\r\n\t\t<div class=\"elementor-element elementor-element-55a84cf e-flex e-con-boxed e-con e-child\" data-id=\"55a84cf\" data-element_type=\"container\" data-settings=\"{&quot;content_width&quot;:&quot;boxed&quot;}\">\r\n\t\t\t\t\t<div class=\"e-con-inner\">\r\n\t\t<div class=\"elementor-element elementor-element-b8d35ff e-con-full e-flex e-con e-child\" data-id=\"b8d35ff\" data-element_type=\"container\" data-settings=\"{&quot;background_background&quot;:&quot;classic&quot;,&quot;content_width&quot;:&quot;full&quot;}\">\r\n\t\t\t\t<div class=\"elementor-element elementor-element-80235d4 elementor-widget elementor-widget-icon-box\" data-id=\"80235d4\" data-element_type=\"widget\" data-widget_type=\"icon-box.default\">\r\n\t\t\t\t<div class=\"elementor-widget-container\">\r\n\t\t\t\t\t<div class=\"elementor-icon-box-wrapper\">\r\n\t\t\t\t\t\t<div class=\"elementor-icon-box-content\">\r\n\t\t\t\t<h3 class=\"elementor-icon-box-title\">\r\n\t\t\t\t\t<span  >\r\n\t\t\t\t\t\t60\t\t\t\t\t<\/span>\r\n\t\t\t\t<\/h3>\r\n\t\t\t\t\t\t\t\t\t<p class=\"elementor-icon-box-description\">\r\n\t\t\t\t\t\tMet\u0173 patirtis \t\t\t\t\t<\/p>\r\n\t\t\t\t\t\t\t<\/div>\r\n\t\t<\/div>\r\n\t\t\t\t<\/div>\r\n\t\t\t\t<\/div>\r\n\t\t\t\t<\/div>\r\n\t\t<div class=\"elementor-element elementor-element-4c7c88e e-con-full e-flex e-con e-child\" data-id=\"4c7c88e\" data-element_type=\"container\" data-settings=\"{&quot;background_background&quot;:&quot;classic&quot;,&quot;content_width&quot;:&quot;full&quot;}\">\r\n\t\t\t\t<div class=\"elementor-element elementor-element-d981b42 elementor-widget elementor-widget-icon-box\" data-id=\"d981b42\" data-element_type=\"widget\" data-widget_type=\"icon-box.default\">\r\n\t\t\t\t<div class=\"elementor-widget-container\">\r\n\t\t\t\t\t<div class=\"elementor-icon-box-wrapper\">\r\n\t\t\t\t\t\t<div class=\"elementor-icon-box-content\">\r\n\t\t\t\t<h3 class=\"elementor-icon-box-title\">\r\n\t\t\t\t\t<span  >\r\n\t\t\t\t\t\t10 000+\t\t\t\t\t<\/span>\r\n\t\t\t\t<\/h3>\r\n\t\t\t\t\t\t\t\t\t<p class=\"elementor-icon-box-description\">\r\n\t\t\t\t\t\t\u012egyvendint\u0173 projekt\u0173\t\t\t\t\t<\/p>\r\n\t\t\t\t\t\t\t<\/div>\r\n\t\t<\/div>\r\n\t\t\t\t<\/div>\r\n\t\t\t\t<\/div>\r\n\t\t\t\t<\/div>\r\n\t\t<div class=\"elementor-element elementor-element-46a0d3a e-con-full e-flex e-con e-child\" data-id=\"46a0d3a\" data-element_type=\"container\" data-settings=\"{&quot;background_background&quot;:&quot;classic&quot;,&quot;content_width&quot;:&quot;full&quot;}\">\r\n\t\t\t\t<div class=\"elementor-element elementor-element-2a86936 elementor-widget elementor-widget-icon-box\" data-id=\"2a86936\" data-element_type=\"widget\" data-widget_type=\"icon-box.default\">\r\n\t\t\t\t<div class=\"elementor-widget-container\">\r\n\t\t\t\t\t<div class=\"elementor-icon-box-wrapper\">\r\n\t\t\t\t\t\t<div class=\"elementor-icon-box-content\">\r\n\t\t\t\t<h3 class=\"elementor-icon-box-title\">\r\n\t\t\t\t\t<span  >\r\n\t\t\t\t\t\t44 000+\t\t\t\t\t<\/span>\r\n\t\t\t\t<\/h3>\r\n\t\t\t\t\t\t\t\t\t<p class=\"elementor-icon-box-description\">\r\n\t\t\t\t\t\tEkspl. \u0161viestuv\u0173\t\t\t\t\t<\/p>\r\n\t\t\t\t\t\t\t<\/div>\r\n\t\t<\/div>\r\n\t\t\t\t<\/div>\r\n\t\t\t\t<\/div>\r\n\t\t\t\t<\/div>\r\n\t\t<div class=\"elementor-element elementor-element-d8a30f6 e-con-full e-flex e-con e-child\" data-id=\"d8a30f6\" data-element_type=\"container\" data-settings=\"{&quot;background_background&quot;:&quot;classic&quot;,&quot;content_width&quot;:&quot;full&quot;}\">\r\n\t\t\t\t<div class=\"elementor-element elementor-element-29080fb elementor-widget elementor-widget-icon-box\" data-id=\"29080fb\" data-element_type=\"widget\" data-widget_type=\"icon-box.default\">\r\n\t\t\t\t<div class=\"elementor-widget-container\">\r\n\t\t\t\t\t<div class=\"elementor-icon-box-wrapper\">\r\n\t\t\t\t\t\t<div class=\"elementor-icon-box-content\">\r\n\t\t\t\t<h3 class=\"elementor-icon-box-title\">\r\n\t\t\t\t\t<span  >\r\n\t\t\t\t\t\t130+\t\t\t\t\t<\/span>\r\n\t\t\t\t<\/h3>\r\n\t\t\t\t\t\t\t\t\t<p class=\"elementor-icon-box-description\">\r\n\t\t\t\t\t\tDarbuotoj\u0173\t\t\t\t\t<\/p>\r\n\t\t\t\t\t\t\t<\/div>\r\n\t\t<\/div>\r\n\t\t\t\t<\/div>\r\n\t\t\t\t<\/div>\r\n\t\t\t\t<\/div>\r\n\t\t\t\t\t<\/div>\r\n\t\t\t\t<\/div>\r\n\t\t<div class=\"elementor-element elementor-element-1f2f47a e-flex e-con-boxed e-con e-child\" data-id=\"1f2f47a\" data-element_type=\"container\" data-settings=\"{&quot;content_width&quot;:&quot;boxed&quot;}\">\r\n\t\t\t\t\t<div class=\"e-con-inner\">\r\n\t\t<div class=\"elementor-element elementor-element-7881a96 e-con-full e-flex e-con e-child\" data-id=\"7881a96\" data-element_type=\"container\" data-settings=\"{&quot;background_background&quot;:&quot;classic&quot;,&quot;content_width&quot;:&quot;full&quot;}\">\r\n\t\t\t\t<div class=\"elementor-element elementor-element-0e6c32d elementor-widget elementor-widget-heading\" data-id=\"0e6c32d\" data-element_type=\"widget\" data-widget_type=\"heading.default\">\r\n\t\t\t\t<div class=\"elementor-widget-container\">\r\n\t\t\t<h6 class=\"elementor-heading-title elementor-size-default\">M\u016bs\u0173 paslaugos<\/h6>\t\t<\/div>\r\n\t\t\t\t<\/div>\r\n\t\t\t\t<div class=\"elementor-element elementor-element-90cc77c elementor-widget elementor-widget-icon-box\" data-id=\"90cc77c\" data-element_type=\"widget\" data-widget_type=\"icon-box.default\">\r\n\t\t\t\t<div class=\"elementor-widget-container\">\r\n\t\t\t\t\t<div class=\"elementor-icon-box-wrapper\">\r\n\t\t\t\t\t\t<div class=\"elementor-icon-box-content\">\r\n\t\t\t\t<h2 class=\"elementor-icon-box-title\">\r\n\t\t\t\t\t<span  >\r\n\t\t\t\t\t\tKauno gatvi\u0173 ap\u0161vietimas teikia \u0161ias paslaugas\t\t\t\t\t<\/span>\r\n\t\t\t\t<\/h2>\r\n\t\t\t\t\t\t\t<\/div>\r\n\t\t<\/div>\r\n\t\t\t\t<\/div>\r\n\t\t\t\t<\/div>\r\n\t\t\t\t<div class=\"elementor-element elementor-element-c42ce6b elementor-icon-list--layout-traditional elementor-list-item-link-full_width elementor-widget elementor-widget-icon-list\" data-id=\"c42ce6b\" data-element_type=\"widget\" data-widget_type=\"icon-list.default\">\r\n\t\t\t\t<div class=\"elementor-widget-container\">\r\n\t\t\t\t\t<ul class=\"elementor-icon-list-items\">\r\n\t\t\t\t\t\t\t<li class=\"elementor-icon-list-item\">\r\n\t\t\t\t\t\t\t\t\t\t\t<span class=\"elementor-icon-list-icon\">\r\n\t\t\t\t\t\t\t<i aria-hidden=\"true\" class=\"fas fa-arrow-alt-circle-right\"><\/i>\t\t\t\t\t\t<\/span>\r\n\t\t\t\t\t\t\t\t\t\t<span class=\"elementor-icon-list-text\">Kauno miesto gatvi\u0173 ap\u0161vietimo elektros tinkl\u0173 eksploatavimas, remontas ir \u012frengimas.<\/span>\r\n\t\t\t\t\t\t\t\t\t<\/li>\r\n\t\t\t\t\t\t\t\t<li class=\"elementor-icon-list-item\">\r\n\t\t\t\t\t\t\t\t\t\t\t<span class=\"elementor-icon-list-icon\">\r\n\t\t\t\t\t\t\t<i aria-hidden=\"true\" class=\"fas fa-arrow-alt-circle-right\"><\/i>\t\t\t\t\t\t<\/span>\r\n\t\t\t\t\t\t\t\t\t\t<span class=\"elementor-icon-list-text\">Kauno miesto \u0161viesofor\u0173 \u012frangos technin\u0117 prie\u017ei\u016bra ir gedim\u0173 \u0161alinimas ir stacionarios prevencin\u0117s grei\u010dio matavimo sistemos eksploatavimas ir technin\u0117 prie\u017ei\u016bra.<\/span>\r\n\t\t\t\t\t\t\t\t\t<\/li>\r\n\t\t\t\t\t\t\t\t<li class=\"elementor-icon-list-item\">\r\n\t\t\t\t\t\t\t\t\t\t\t<span class=\"elementor-icon-list-icon\">\r\n\t\t\t\t\t\t\t<i aria-hidden=\"true\" class=\"fas fa-arrow-alt-circle-right\"><\/i>\t\t\t\t\t\t<\/span>\r\n\t\t\t\t\t\t\t\t\t\t<span class=\"elementor-icon-list-text\">Kauno miesto kelio \u017eenkl\u0173, apsaugini\u0173 atitvar\u0173, \u012fsp\u0117jam\u0173j\u0173 stov\u0173, sferini\u0173 veidrod\u017ei\u0173 ir kit\u0173 in\u017einerini\u0173 eismo saugumo priemoni\u0173 \u012frengimas ir prie\u017ei\u016bra.<\/span>\r\n\t\t\t\t\t\t\t\t\t<\/li>\r\n\t\t\t\t\t\t\t\t<li class=\"elementor-icon-list-item\">\r\n\t\t\t\t\t\t\t\t\t\t\t<span class=\"elementor-icon-list-icon\">\r\n\t\t\t\t\t\t\t<i aria-hidden=\"true\" class=\"fas fa-arrow-alt-circle-right\"><\/i>\t\t\t\t\t\t<\/span>\r\n\t\t\t\t\t\t\t\t\t\t<span class=\"elementor-icon-list-text\">Kauno miesto \u017eeldini\u0173, mi\u0161k\u0173 ir mi\u0161ko park\u0173 prie\u017ei\u016bra ir tvarkymas.<\/span>\r\n\t\t\t\t\t\t\t\t\t<\/li>\r\n\t\t\t\t\t\t<\/ul>\r\n\t\t\t\t<\/div>\r\n\t\t\t\t<\/div>\r\n\t\t\t\t<div class=\"elementor-element elementor-element-916f480 elementor-widget elementor-widget-button\" data-id=\"916f480\" data-element_type=\"widget\" data-widget_type=\"button.default\">\r\n\t\t\t\t<div class=\"elementor-widget-container\">\r\n\t\t\t\t\t<div class=\"elementor-button-wrapper\">\r\n\t\t\t<a class=\"elementor-button elementor-button-link elementor-size-sm\" href=\"https:\/\/kaunogatviuapsvietimas.lt\/?page_id=939\">\r\n\t\t\t\t\t\t<span class=\"elementor-button-content-wrapper\">\r\n\t\t\t\t\t\t<span class=\"elementor-button-text\">Daugiau apie paslaugas<\/span>\r\n\t\t<\/span>\r\n\t\t\t\t\t<\/a>\r\n\t\t<\/div>\r\n\t\t\t\t<\/div>\r\n\t\t\t\t<\/div>\r\n\t\t\t\t<\/div>\r\n\t\t<div class=\"elementor-element elementor-element-9631958 e-con-full e-flex e-con e-child\" data-id=\"9631958\" data-element_type=\"container\" data-settings=\"{&quot;background_background&quot;:&quot;classic&quot;,&quot;content_width&quot;:&quot;full&quot;}\">\r\n\t\t\t\t<div class=\"elementor-element elementor-element-b75a1f6 elementor-widget elementor-widget-image\" data-id=\"b75a1f6\" data-element_type=\"widget\" data-widget_type=\"image.default\">\r\n\t\t\t\t<div class=\"elementor-widget-container\">\r\n\t\t\t\t\t\t\t\t\t\t\t\t\t\t\t<img decoding=\"async\" width=\"768\" height=\"1024\" src=\"https:\/\/kaunogatviuapsvietimas.lt\/wp-content\/uploads\/2023\/12\/download3-768x1024.jpg\" class=\"elementor-animation-float attachment-large size-large wp-image-1945\" alt=\"\" srcset=\"https:\/\/kaunogatviuapsvietimas.lt\/wp-content\/uploads\/2023\/12\/download3-768x1024.jpg 768w, https:\/\/kaunogatviuapsvietimas.lt\/wp-content\/uploads\/2023\/12\/download3-225x300.jpg 225w, https:\/\/kaunogatviuapsvietimas.lt\/wp-content\/uploads\/2023\/12\/download3.jpg 960w\" sizes=\"(max-width: 768px) 100vw, 768px\" \/>\t\t\t\t\t\t\t\t\t\t\t\t\t\t\t<\/div>\r\n\t\t\t\t<\/div>\r\n\t\t\t\t<\/div>\r\n\t\t\t\t\t<\/div>\r\n\t\t\t\t<\/div>\r\n\t\t\t\t<\/div>\r\n\t\t\t\t\t<\/div>\r\n\t\t\t\t<\/div>\r\n\t\t\t\t\t\t\t<\/div>\r\n\t\t","protected":false},"excerpt":{"rendered":"<p>Profesionali gatvi\u0173 ap\u0161vietimo, eismo valdymo sistem\u0173 ir \u017eeldini\u0173 prie\u017ei\u016bra Gatvi\u0173 ap\u0161vietimo tinkl\u0173 eksploatavimas \u017deldini\u0173, mi\u0161ko park\u0173 prie\u017ei\u016bra \u0160viesofor\u0173, kelio \u017eenkl\u0173 prie\u017ei\u016bra APIE MUS Gatvi\u0173 ap\u0161vietimas tiesiogiai \u012ftakoja transporto eism\u0105 ir gyventoj\u0173 saugum\u0105 tamsiu paros metu. Tada atliekama apie 25% vis\u0173 kelioni\u0173, o nelaiming\u0173 atsitikim\u0173 \u012fvyksta 3 kartus daugiau negu dien\u0105. Nustatyta, kad, tinkamai ap\u0161vietus gatves, &hellip;<\/p>\n<p class=\"read-more\"> <a class=\"\" href=\"https:\/\/kaunogatviuapsvietimas.lt\/\"> <span class=\"screen-reader-text\">Home<\/span> Read More \u00bb<\/a><\/p>\n","protected":false},"author":1,"featured_media":0,"parent":0,"menu_order":0,"comment_status":"closed","ping_status":"closed","template":"","meta":{"site-sidebar-layout":"no-sidebar","site-content-layout":"page-builder","ast-site-content-layout":"","site-content-style":"default","site-sidebar-style":"default","ast-global-header-display":"","ast-banner-title-visibility":"","ast-main-header-display":"","ast-hfb-above-header-display":"","ast-hfb-below-header-display":"","ast-hfb-mobile-header-display":"","site-post-title":"disabled","ast-breadcrumbs-content":"disabled","ast-featured-img":"disabled","footer-sml-layout":"","theme-transparent-header-meta":"enabled","adv-header-id-meta":"","stick-header-meta":"","header-above-stick-meta":"","header-main-stick-meta":"","header-below-stick-meta":"","astra-migrate-meta-layouts":"","ast-page-background-enabled":"default","ast-page-background-meta":{"desktop":{"background-color":"","background-image":"","background-repeat":"repeat","background-position":"center center","background-size":"auto","background-attachment":"scroll","background-type":"","background-media":"","overlay-type":"","overlay-color":"","overlay-gradient":""},"tablet":{"background-color":"","background-image":"","background-repeat":"repeat","background-position":"center center","background-size":"auto","background-attachment":"scroll","background-type":"","background-media":"","overlay-type":"","overlay-color":"","overlay-gradient":""},"mobile":{"background-color":"","background-image":"","background-repeat":"repeat","background-position":"center center","background-size":"auto","background-attachment":"scroll","background-type":"","background-media":"","overlay-type":"","overlay-color":"","overlay-gradient":""}},"ast-content-background-meta":{"desktop":{"background-color":"var(--ast-global-color-5)","background-image":"","background-repeat":"repeat","background-position":"center center","background-size":"auto","background-attachment":"scroll","background-type":"","background-media":"","overlay-type":"","overlay-color":"","overlay-gradient":""},"tablet":{"background-color":"var(--ast-global-color-5)","background-image":"","background-repeat":"repeat","background-position":"center center","background-size":"auto","background-attachment":"scroll","background-type":"","background-media":"","overlay-type":"","overlay-color":"","overlay-gradient":""},"mobile":{"background-color":"var(--ast-global-color-5)","background-image":"","background-repeat":"repeat","background-position":"center center","background-size":"auto","background-attachment":"scroll","background-type":"","background-media":"","overlay-type":"","overlay-color":"","overlay-gradient":""}},"footnotes":""},"class_list":["post-6","page","type-page","status-publish","hentry"],"_links":{"self":[{"href":"https:\/\/kaunogatviuapsvietimas.lt\/index.php?rest_route=\/wp\/v2\/pages\/6","targetHints":{"allow":["GET"]}}],"collection":[{"href":"https:\/\/kaunogatviuapsvietimas.lt\/index.php?rest_route=\/wp\/v2\/pages"}],"about":[{"href":"https:\/\/kaunogatviuapsvietimas.lt\/index.php?rest_route=\/wp\/v2\/types\/page"}],"author":[{"embeddable":true,"href":"https:\/\/kaunogatviuapsvietimas.lt\/index.php?rest_route=\/wp\/v2\/users\/1"}],"replies":[{"embeddable":true,"href":"https:\/\/kaunogatviuapsvietimas.lt\/index.php?rest_route=%2Fwp%2Fv2%2Fcomments&post=6"}],"version-history":[{"count":82,"href":"https:\/\/kaunogatviuapsvietimas.lt\/index.php?rest_route=\/wp\/v2\/pages\/6\/revisions"}],"predecessor-version":[{"id":2650,"href":"https:\/\/kaunogatviuapsvietimas.lt\/index.php?rest_route=\/wp\/v2\/pages\/6\/revisions\/2650"}],"wp:attachment":[{"href":"https:\/\/kaunogatviuapsvietimas.lt\/index.php?rest_route=%2Fwp%2Fv2%2Fmedia&parent=6"}],"curies":[{"name":"wp","href":"https:\/\/api.w.org\/{rel}","templated":true}]}}