{"id":1843,"date":"2023-12-05T07:16:20","date_gmt":"2023-12-05T07:16:20","guid":{"rendered":"https:\/\/kaunogatviuapsvietimas.lt\/?page_id=1843"},"modified":"2026-03-20T08:39:01","modified_gmt":"2026-03-20T08:39:01","slug":"elementor-1843","status":"publish","type":"page","link":"https:\/\/kaunogatviuapsvietimas.lt\/?page_id=1843","title":{"rendered":"Kiti dokumentai"},"content":{"rendered":"\t\t<div data-elementor-type=\"wp-page\" data-elementor-id=\"1843\" class=\"elementor elementor-1843\" data-elementor-post-type=\"page\">\r\n\t\t\t\t\t\t\t<div class=\"elementor-element elementor-element-2ef6aa2 e-flex e-con-boxed e-con e-parent\" data-id=\"2ef6aa2\" data-element_type=\"container\" data-settings=\"{&quot;background_background&quot;:&quot;classic&quot;,&quot;content_width&quot;:&quot;boxed&quot;}\" data-core-v316-plus=\"true\">\r\n\t\t\t\t\t<div class=\"e-con-inner\">\r\n\t\t<div class=\"elementor-element elementor-element-83ba42e e-con-full e-flex e-con e-child\" data-id=\"83ba42e\" data-element_type=\"container\" data-settings=\"{&quot;content_width&quot;:&quot;full&quot;}\">\r\n\t\t\t\t<div class=\"elementor-element elementor-element-53d7e1f elementor-widget elementor-widget-heading\" data-id=\"53d7e1f\" data-element_type=\"widget\" data-widget_type=\"heading.default\">\r\n\t\t\t\t<div class=\"elementor-widget-container\">\r\n\t\t\t<style>\/*! elementor - v3.17.0 - 08-11-2023 *\/\n.elementor-heading-title{padding:0;margin:0;line-height:1}.elementor-widget-heading .elementor-heading-title[class*=elementor-size-]>a{color:inherit;font-size:inherit;line-height:inherit}.elementor-widget-heading .elementor-heading-title.elementor-size-small{font-size:15px}.elementor-widget-heading .elementor-heading-title.elementor-size-medium{font-size:19px}.elementor-widget-heading .elementor-heading-title.elementor-size-large{font-size:29px}.elementor-widget-heading .elementor-heading-title.elementor-size-xl{font-size:39px}.elementor-widget-heading .elementor-heading-title.elementor-size-xxl{font-size:59px}<\/style><h1 class=\"elementor-heading-title elementor-size-default\">Kiti dokumentai<\/h1>\t\t<\/div>\r\n\t\t\t\t<\/div>\r\n\t\t\t\t<\/div>\r\n\t\t\t\t\t<\/div>\r\n\t\t\t\t<\/div>\r\n\t\t<div class=\"elementor-element elementor-element-b6783cf e-flex e-con-boxed e-con e-parent\" data-id=\"b6783cf\" data-element_type=\"container\" data-settings=\"{&quot;background_background&quot;:&quot;classic&quot;,&quot;content_width&quot;:&quot;boxed&quot;}\" data-core-v316-plus=\"true\">\r\n\t\t\t\t\t<div class=\"e-con-inner\">\r\n\t\t\t\t<div class=\"elementor-element elementor-element-e206618 elementor-widget elementor-widget-heading\" data-id=\"e206618\" data-element_type=\"widget\" data-widget_type=\"heading.default\">\r\n\t\t\t\t<div class=\"elementor-widget-container\">\r\n\t\t\t<h6 class=\"elementor-heading-title elementor-size-default\"><a href=\"https:\/\/kaunogatviuapsvietimas.lt\/wp-content\/uploads\/2023\/11\/bendroves-istatai.pdf\" target=\"_blank\">UAB \"Kauno gatvi\u0173 ap\u0161vietimas\" \u012fstatai<\/a><\/h6>\t\t<\/div>\r\n\t\t\t\t<\/div>\r\n\t\t\t\t<div class=\"elementor-element elementor-element-47cd802 elementor-widget elementor-widget-heading\" data-id=\"47cd802\" data-element_type=\"widget\" data-widget_type=\"heading.default\">\r\n\t\t\t\t<div class=\"elementor-widget-container\">\r\n\t\t\t<h6 class=\"elementor-heading-title elementor-size-default\"><a href=\"https:\/\/kaunogatviuapsvietimas.lt\/wp-content\/uploads\/2023\/12\/Strateginis-2023-2027.pdf\" target=\"_blank\">UAB \"Kauno gatvi\u0173 ap\u0161vietimas\" 2023-2027 m. strateginis planas (santrauka)<\/a><\/h6>\t\t<\/div>\r\n\t\t\t\t<\/div>\r\n\t\t\t\t<div class=\"elementor-element elementor-element-d71244d elementor-widget elementor-widget-heading\" data-id=\"d71244d\" data-element_type=\"widget\" data-widget_type=\"heading.default\">\r\n\t\t\t\t<div class=\"elementor-widget-container\">\r\n\t\t\t<h6 class=\"elementor-heading-title elementor-size-default\"><a href=\"https:\/\/kaunogatviuapsvietimas.lt\/wp-content\/uploads\/2023\/12\/Kauno-miesto-savivaldybes-lukesciu-rastas-UAB-Kauno-gatviu-apsvietimas.pdf\" target=\"_blank\">Kauno miesto savivaldyb\u0117s l\u016bkes\u010di\u0173 ra\u0161tas \u012fmonei UAB \"Kauno gatvi\u0173 ap\u0161vietimas\"<\/a><\/h6>\t\t<\/div>\r\n\t\t\t\t<\/div>\r\n\t\t\t\t<div class=\"elementor-element elementor-element-ddee15c elementor-widget elementor-widget-heading\" data-id=\"ddee15c\" data-element_type=\"widget\" data-widget_type=\"heading.default\">\r\n\t\t\t\t<div class=\"elementor-widget-container\">\r\n\t\t\t<h6 class=\"elementor-heading-title elementor-size-default\"><a href=\"https:\/\/kaunogatviuapsvietimas.lt\/wp-content\/uploads\/2026\/01\/KGA-PRIVATUMO-POLITIKA.pdf\" target=\"_blank\">UAB \"Kauno gatvi\u0173 ap\u0161vietimas\u201c privatumo politika ir informacija apie tvarkomus asmens duomenis<\/a><\/h6>\t\t<\/div>\r\n\t\t\t\t<\/div>\r\n\t\t\t\t<div class=\"elementor-element elementor-element-e9d5c89 elementor-widget elementor-widget-heading\" data-id=\"e9d5c89\" data-element_type=\"widget\" data-widget_type=\"heading.default\">\r\n\t\t\t\t<div class=\"elementor-widget-container\">\r\n\t\t\t<h6 class=\"elementor-heading-title elementor-size-default\"><a href=\"https:\/\/kaunogatviuapsvietimas.lt\/wp-content\/uploads\/2023\/12\/KGA-Tarnybiniai-automobiliai.pdf\" target=\"_blank\">UAB \"Kauno gatvi\u0173 ap\u0161vietimas\" tarnybiniai automobiliai<\/a><\/h6>\t\t<\/div>\r\n\t\t\t\t<\/div>\r\n\t\t\t\t<div class=\"elementor-element elementor-element-6782611 elementor-widget elementor-widget-heading\" data-id=\"6782611\" data-element_type=\"widget\" data-widget_type=\"heading.default\">\r\n\t\t\t\t<div class=\"elementor-widget-container\">\r\n\t\t\t<h6 class=\"elementor-heading-title elementor-size-default\"><a href=\"https:\/\/kaunogatviuapsvietimas.lt\/wp-content\/uploads\/2023\/11\/SKM_C22720100112510.pdf\" target=\"_blank\">Paramos valdymo taisykl\u0117s<\/a><\/h6>\t\t<\/div>\r\n\t\t\t\t<\/div>\r\n\t\t\t\t<div class=\"elementor-element elementor-element-ab0557c elementor-widget elementor-widget-heading\" data-id=\"ab0557c\" data-element_type=\"widget\" data-widget_type=\"heading.default\">\r\n\t\t\t\t<div class=\"elementor-widget-container\">\r\n\t\t\t<h6 class=\"elementor-heading-title elementor-size-default\"><a href=\"https:\/\/kaunogatviuapsvietimas.lt\/wp-content\/uploads\/2026\/01\/Informacija-apie-suteikta-parama-2025.doc\" target=\"_blank\">Informacija apie suteikt\u0105 param\u0105<\/a><\/h6>\t\t<\/div>\r\n\t\t\t\t<\/div>\r\n\t\t\t\t<div class=\"elementor-element elementor-element-0fd7293 elementor-widget elementor-widget-heading\" data-id=\"0fd7293\" data-element_type=\"widget\" data-widget_type=\"heading.default\">\r\n\t\t\t\t<div class=\"elementor-widget-container\">\r\n\t\t\t<h4 class=\"elementor-heading-title elementor-size-default\">L\u0117\u0161os veiklai vie\u0161inti<\/h4>\t\t<\/div>\r\n\t\t\t\t<\/div>\r\n\t\t\t\t<div class=\"elementor-element elementor-element-1be1538 elementor-widget elementor-widget-heading\" data-id=\"1be1538\" data-element_type=\"widget\" data-widget_type=\"heading.default\">\r\n\t\t\t\t<div class=\"elementor-widget-container\">\r\n\t\t\t<h6 class=\"elementor-heading-title elementor-size-default\"><a href=\"https:\/\/kaunogatviuapsvietimas.lt\/wp-content\/uploads\/2026\/03\/Lesos-veiklai-viesinti-2025.pdf\" target=\"_blank\">L\u0117\u0161os veiklai vie\u0161inti<\/a><\/h6>\t\t<\/div>\r\n\t\t\t\t<\/div>\r\n\t\t\t\t<div class=\"elementor-element elementor-element-a0ba39a elementor-widget elementor-widget-heading\" data-id=\"a0ba39a\" data-element_type=\"widget\" data-widget_type=\"heading.default\">\r\n\t\t\t\t<div class=\"elementor-widget-container\">\r\n\t\t\t<h6 class=\"elementor-heading-title elementor-size-default\"><a href=\"https:\/\/www.virsis.lt\/rinkiniai\/?p=eJzdk81uEzEUhV_F8noqZZyZKOoutCBVTSvUaWBBu7jUV8nNeOyRfwahiiWvQNZ5BvasZt4Lu6UQSIVYIIQqb-zrT8f3HNu33GJrrOeHfDbhGSftPPngyegT6fjhG54XUzGaioJfZ1zhElSFYG9WF-iC8om45S1al_go8p3-Bp9Dg7G8GL5IsGZNDOob0v2GvUUtreni7IqfQtCGLcF3NHxm0A7bjtBTA-6KPwgdGZmE8rGYTIu8LGO9I-t220jr1MRYjO435zsdzKNi6IxjwxaCSue4_uM66CU8KBmVuBYsNBHzSHW_WYPb2X4FiuSlOQafSDESxUEuDsb5PnJkmgZ1SpVqYj-RbgUWV0ZJtCfyhbH35-qgVMZN8Ar9L-UP2Q9r5WTf2dmzuwgd697XzsNdZDuGVL8ZtskuaGksGQaWgWxIk_MW4mWkUu0Na2FpScvwn1oXIt_3vpgl88eEGtgZSgJ2ju_cP4qg_OMIyr8TwWQ8fSSC336taraY958qVr18fnp5MauebDTFIz_jNTKJijq0GYsv5Qk5v47jK7jYAXc\" target=\"_blank\">L\u0117\u0161os veiklai vie\u0161inti Vie\u0161osios informacijos reng\u0117j\u0173 ir skleid\u0117j\u0173 informacin\u0117je sistemoje (VIRSIS)<\/a><\/h6>\t\t<\/div>\r\n\t\t\t\t<\/div>\r\n\t\t\t\t<div class=\"elementor-element elementor-element-b0c2b80 elementor-widget elementor-widget-text-editor\" data-id=\"b0c2b80\" data-element_type=\"widget\" data-widget_type=\"text-editor.default\">\r\n\t\t\t\t<div class=\"elementor-widget-container\">\r\n\t\t\t<style>\/*! elementor - v3.17.0 - 08-11-2023 *\/\n.elementor-widget-text-editor.elementor-drop-cap-view-stacked .elementor-drop-cap{background-color:#69727d;color:#fff}.elementor-widget-text-editor.elementor-drop-cap-view-framed .elementor-drop-cap{color:#69727d;border:3px solid;background-color:transparent}.elementor-widget-text-editor:not(.elementor-drop-cap-view-default) .elementor-drop-cap{margin-top:8px}.elementor-widget-text-editor:not(.elementor-drop-cap-view-default) .elementor-drop-cap-letter{width:1em;height:1em}.elementor-widget-text-editor .elementor-drop-cap{float:left;text-align:center;line-height:1;font-size:50px}.elementor-widget-text-editor .elementor-drop-cap-letter{display:inline-block}<\/style>\t\t\t\t<p>Duomen\u0173 rodymui VIRSIS, spauskite mygtuk\u0105 &#8220;formuoti ataskait\u0105&#8221;.<\/p>\t\t\t\t\t\t<\/div>\r\n\t\t\t\t<\/div>\r\n\t\t\t\t<div class=\"elementor-element elementor-element-cfa411e elementor-widget elementor-widget-heading\" data-id=\"cfa411e\" data-element_type=\"widget\" data-widget_type=\"heading.default\">\r\n\t\t\t\t<div class=\"elementor-widget-container\">\r\n\t\t\t<h4 class=\"elementor-heading-title elementor-size-default\">Vie\u0161ieji pirkimai<\/h4>\t\t<\/div>\r\n\t\t\t\t<\/div>\r\n\t\t\t\t<div class=\"elementor-element elementor-element-3bfab49 elementor-widget elementor-widget-heading\" data-id=\"3bfab49\" data-element_type=\"widget\" data-widget_type=\"heading.default\">\r\n\t\t\t\t<div class=\"elementor-widget-container\">\r\n\t\t\t<h6 class=\"elementor-heading-title elementor-size-default\"><a href=\"https:\/\/kaunogatviuapsvietimas.lt\/wp-content\/uploads\/2026\/03\/KGA-Pirkimu-planas-2026.pdf\" target=\"_blank\">2026 m. pirkim\u0173 planas<\/a><\/h6>\t\t<\/div>\r\n\t\t\t\t<\/div>\r\n\t\t\t\t<div class=\"elementor-element elementor-element-dc4d632 elementor-widget elementor-widget-heading\" data-id=\"dc4d632\" data-element_type=\"widget\" data-widget_type=\"heading.default\">\r\n\t\t\t\t<div class=\"elementor-widget-container\">\r\n\t\t\t<h6 class=\"elementor-heading-title elementor-size-default\"><a href=\"https:\/\/kaunogatviuapsvietimas.lt\/wp-content\/uploads\/2025\/04\/KGA-Pirkimu-planas-2025.pdf\" target=\"_blank\">2025 m. pirkim\u0173 planas<\/a><\/h6>\t\t<\/div>\r\n\t\t\t\t<\/div>\r\n\t\t\t\t<div class=\"elementor-element elementor-element-54a06d9 elementor-widget elementor-widget-heading\" data-id=\"54a06d9\" data-element_type=\"widget\" data-widget_type=\"heading.default\">\r\n\t\t\t\t<div class=\"elementor-widget-container\">\r\n\t\t\t<h6 class=\"elementor-heading-title elementor-size-default\"><a href=\"https:\/\/kaunogatviuapsvietimas.lt\/wp-content\/uploads\/2025\/04\/KGA-Pirkimu-planas-2024.pdf\" target=\"_blank\">2024 m. pirkim\u0173 planas<\/a><\/h6>\t\t<\/div>\r\n\t\t\t\t<\/div>\r\n\t\t\t\t\t<\/div>\r\n\t\t\t\t<\/div>\r\n\t\t\t\t\t\t\t<\/div>\r\n\t\t","protected":false},"excerpt":{"rendered":"<p>Kiti dokumentai UAB &#8220;Kauno gatvi\u0173 ap\u0161vietimas&#8221; \u012fstatai UAB &#8220;Kauno gatvi\u0173 ap\u0161vietimas&#8221; 2023-2027 m. strateginis planas (santrauka) Kauno miesto savivaldyb\u0117s l\u016bkes\u010di\u0173 ra\u0161tas \u012fmonei UAB &#8220;Kauno gatvi\u0173 ap\u0161vietimas&#8221; UAB &#8220;Kauno gatvi\u0173 ap\u0161vietimas\u201c privatumo politika ir informacija apie tvarkomus asmens duomenis UAB &#8220;Kauno gatvi\u0173 ap\u0161vietimas&#8221; tarnybiniai automobiliai Paramos valdymo taisykl\u0117s Informacija apie suteikt\u0105 param\u0105 L\u0117\u0161os veiklai vie\u0161inti L\u0117\u0161os &hellip;<\/p>\n<p class=\"read-more\"> <a class=\"\" href=\"https:\/\/kaunogatviuapsvietimas.lt\/?page_id=1843\"> <span class=\"screen-reader-text\">Kiti dokumentai<\/span> Read More \u00bb<\/a><\/p>\n","protected":false},"author":2,"featured_media":0,"parent":0,"menu_order":0,"comment_status":"closed","ping_status":"closed","template":"","meta":{"site-sidebar-layout":"no-sidebar","site-content-layout":"page-builder","ast-site-content-layout":"full-width-container","site-content-style":"default","site-sidebar-style":"default","ast-global-header-display":"","ast-banner-title-visibility":"","ast-main-header-display":"","ast-hfb-above-header-display":"","ast-hfb-below-header-display":"","ast-hfb-mobile-header-display":"","site-post-title":"disabled","ast-breadcrumbs-content":"","ast-featured-img":"disabled","footer-sml-layout":"","theme-transparent-header-meta":"","adv-header-id-meta":"","stick-header-meta":"","header-above-stick-meta":"","header-main-stick-meta":"","header-below-stick-meta":"","astra-migrate-meta-layouts":"set","ast-page-background-enabled":"default","ast-page-background-meta":{"desktop":{"background-color":"","background-image":"","background-repeat":"repeat","background-position":"center center","background-size":"auto","background-attachment":"scroll","background-type":"","background-media":"","overlay-type":"","overlay-color":"","overlay-gradient":""},"tablet":{"background-color":"","background-image":"","background-repeat":"repeat","background-position":"center center","background-size":"auto","background-attachment":"scroll","background-type":"","background-media":"","overlay-type":"","overlay-color":"","overlay-gradient":""},"mobile":{"background-color":"","background-image":"","background-repeat":"repeat","background-position":"center center","background-size":"auto","background-attachment":"scroll","background-type":"","background-media":"","overlay-type":"","overlay-color":"","overlay-gradient":""}},"ast-content-background-meta":{"desktop":{"background-color":"var(--ast-global-color-5)","background-image":"","background-repeat":"repeat","background-position":"center center","background-size":"auto","background-attachment":"scroll","background-type":"","background-media":"","overlay-type":"","overlay-color":"","overlay-gradient":""},"tablet":{"background-color":"var(--ast-global-color-5)","background-image":"","background-repeat":"repeat","background-position":"center center","background-size":"auto","background-attachment":"scroll","background-type":"","background-media":"","overlay-type":"","overlay-color":"","overlay-gradient":""},"mobile":{"background-color":"var(--ast-global-color-5)","background-image":"","background-repeat":"repeat","background-position":"center center","background-size":"auto","background-attachment":"scroll","background-type":"","background-media":"","overlay-type":"","overlay-color":"","overlay-gradient":""}},"footnotes":""},"class_list":["post-1843","page","type-page","status-publish","hentry"],"_links":{"self":[{"href":"https:\/\/kaunogatviuapsvietimas.lt\/index.php?rest_route=\/wp\/v2\/pages\/1843","targetHints":{"allow":["GET"]}}],"collection":[{"href":"https:\/\/kaunogatviuapsvietimas.lt\/index.php?rest_route=\/wp\/v2\/pages"}],"about":[{"href":"https:\/\/kaunogatviuapsvietimas.lt\/index.php?rest_route=\/wp\/v2\/types\/page"}],"author":[{"embeddable":true,"href":"https:\/\/kaunogatviuapsvietimas.lt\/index.php?rest_route=\/wp\/v2\/users\/2"}],"replies":[{"embeddable":true,"href":"https:\/\/kaunogatviuapsvietimas.lt\/index.php?rest_route=%2Fwp%2Fv2%2Fcomments&post=1843"}],"version-history":[{"count":74,"href":"https:\/\/kaunogatviuapsvietimas.lt\/index.php?rest_route=\/wp\/v2\/pages\/1843\/revisions"}],"predecessor-version":[{"id":2709,"href":"https:\/\/kaunogatviuapsvietimas.lt\/index.php?rest_route=\/wp\/v2\/pages\/1843\/revisions\/2709"}],"wp:attachment":[{"href":"https:\/\/kaunogatviuapsvietimas.lt\/index.php?rest_route=%2Fwp%2Fv2%2Fmedia&parent=1843"}],"curies":[{"name":"wp","href":"https:\/\/api.w.org\/{rel}","templated":true}]}}