{"id":1580,"date":"2023-11-28T11:03:00","date_gmt":"2023-11-28T11:03:00","guid":{"rendered":"https:\/\/kaunogatviuapsvietimas.lt\/?page_id=1580"},"modified":"2026-01-21T10:46:11","modified_gmt":"2026-01-21T10:46:11","slug":"zeldiniu-misko-parku-prieziura","status":"publish","type":"page","link":"https:\/\/kaunogatviuapsvietimas.lt\/?page_id=1580","title":{"rendered":"\u017deldini\u0173, mi\u0161ko park\u0173 prie\u017ei\u016bra"},"content":{"rendered":"\t\t<div data-elementor-type=\"wp-page\" data-elementor-id=\"1580\" class=\"elementor elementor-1580\" data-elementor-post-type=\"page\">\r\n\t\t\t\t\t\t\t<div class=\"elementor-element elementor-element-7b4315a6 e-flex e-con-boxed e-con e-parent\" data-id=\"7b4315a6\" data-element_type=\"container\" data-settings=\"{&quot;background_background&quot;:&quot;classic&quot;,&quot;content_width&quot;:&quot;boxed&quot;}\" data-core-v316-plus=\"true\">\r\n\t\t\t\t\t<div class=\"e-con-inner\">\r\n\t\t<div class=\"elementor-element elementor-element-1b6eefdc e-con-full e-flex e-con e-child\" data-id=\"1b6eefdc\" data-element_type=\"container\" data-settings=\"{&quot;content_width&quot;:&quot;full&quot;}\">\r\n\t\t\t\t<div class=\"elementor-element elementor-element-7a793197 elementor-widget elementor-widget-heading\" data-id=\"7a793197\" data-element_type=\"widget\" data-widget_type=\"heading.default\">\r\n\t\t\t\t<div class=\"elementor-widget-container\">\r\n\t\t\t<style>\/*! elementor - v3.17.0 - 08-11-2023 *\/\n.elementor-heading-title{padding:0;margin:0;line-height:1}.elementor-widget-heading .elementor-heading-title[class*=elementor-size-]>a{color:inherit;font-size:inherit;line-height:inherit}.elementor-widget-heading .elementor-heading-title.elementor-size-small{font-size:15px}.elementor-widget-heading .elementor-heading-title.elementor-size-medium{font-size:19px}.elementor-widget-heading .elementor-heading-title.elementor-size-large{font-size:29px}.elementor-widget-heading .elementor-heading-title.elementor-size-xl{font-size:39px}.elementor-widget-heading .elementor-heading-title.elementor-size-xxl{font-size:59px}<\/style><h1 class=\"elementor-heading-title elementor-size-default\">\u017deldini\u0173, mi\u0161ko park\u0173 prie\u017ei\u016bra<\/h1>\t\t<\/div>\r\n\t\t\t\t<\/div>\r\n\t\t\t\t<\/div>\r\n\t\t\t\t\t<\/div>\r\n\t\t\t\t<\/div>\r\n\t\t<div class=\"elementor-element elementor-element-5500adfe e-flex e-con-boxed e-con e-parent\" data-id=\"5500adfe\" data-element_type=\"container\" data-settings=\"{&quot;background_background&quot;:&quot;classic&quot;,&quot;content_width&quot;:&quot;boxed&quot;}\" data-core-v316-plus=\"true\">\r\n\t\t\t\t\t<div class=\"e-con-inner\">\r\n\t\t<div class=\"elementor-element elementor-element-456263d5 e-con-full e-flex e-con e-child\" data-id=\"456263d5\" data-element_type=\"container\" data-settings=\"{&quot;content_width&quot;:&quot;full&quot;}\">\r\n\t\t\t\t<div class=\"elementor-element elementor-element-5c11f8e4 elementor-vertical-align-top elementor-widget elementor-widget-icon-box\" data-id=\"5c11f8e4\" data-element_type=\"widget\" data-widget_type=\"icon-box.default\">\r\n\t\t\t\t<div class=\"elementor-widget-container\">\r\n\t\t\t<link rel=\"stylesheet\" href=\"https:\/\/kaunogatviuapsvietimas.lt\/wp-content\/plugins\/elementor\/assets\/css\/widget-icon-box.min.css\">\t\t<div class=\"elementor-icon-box-wrapper\">\r\n\t\t\t\t\t\t<div class=\"elementor-icon-box-content\">\r\n\t\t\t\t<h2 class=\"elementor-icon-box-title\">\r\n\t\t\t\t\t<span  >\r\n\t\t\t\t\t\tKauno miesto \u017eeldini\u0173, mi\u0161k\u0173 ir mi\u0161ko park\u0173 prie\u017ei\u016bra ir tvarkymas.\t\t\t\t\t<\/span>\r\n\t\t\t\t<\/h2>\r\n\t\t\t\t\t\t\t<\/div>\r\n\t\t<\/div>\r\n\t\t\t\t<\/div>\r\n\t\t\t\t<\/div>\r\n\t\t\t\t<div class=\"elementor-element elementor-element-aa26376 elementor-widget elementor-widget-text-editor\" data-id=\"aa26376\" data-element_type=\"widget\" data-widget_type=\"text-editor.default\">\r\n\t\t\t\t<div class=\"elementor-widget-container\">\r\n\t\t\t<style>\/*! elementor - v3.17.0 - 08-11-2023 *\/\n.elementor-widget-text-editor.elementor-drop-cap-view-stacked .elementor-drop-cap{background-color:#69727d;color:#fff}.elementor-widget-text-editor.elementor-drop-cap-view-framed .elementor-drop-cap{color:#69727d;border:3px solid;background-color:transparent}.elementor-widget-text-editor:not(.elementor-drop-cap-view-default) .elementor-drop-cap{margin-top:8px}.elementor-widget-text-editor:not(.elementor-drop-cap-view-default) .elementor-drop-cap-letter{width:1em;height:1em}.elementor-widget-text-editor .elementor-drop-cap{float:left;text-align:center;line-height:1;font-size:50px}.elementor-widget-text-editor .elementor-drop-cap-letter{display:inline-block}<\/style>\t\t\t\t<div><div><div><div><div><p>Miesto \u017eeldini\u0173, mi\u0161k\u0173 ir mi\u0161ko park\u0173 prie\u017ei\u016bros ir tvarkymo paslaugos &#8211;\u00a0<span style=\"text-align: var(--text-align); background-color: var( --e-global-color-astglobalcolor5 ); color: var(--ast-global-color-3); font-size: 1rem;\">\u017eali\u0173j\u0173 plot\u0173 prie\u017ei\u016bra (\u0161ienavimas),\u00a0<\/span><span style=\"font-style: inherit; font-weight: inherit; text-align: var(--text-align); background-color: var( --e-global-color-astglobalcolor5 ); color: var(--ast-global-color-3);\">med\u017ei\u0173\/kr\u016bm\u0173 kirtimas, med\u017ei\u0173 gen\u0117jimas, nul\u016b\u017eusi\u0173 med\u017eio \u0161ak\u0173 miesto gatv\u0117se, skveruose ir parkuose surinkimas, kelm\u0173 rovimas, med\u017ei\u0173 \u017eaizd\u0173 gydimas, med\u017eio drevi\u0173 valymas ir konservavimas, med\u017ei\u0173, kr\u016bm\u0173 sodinimas j\u0173 prie\u017ei\u016bra, sanitariniai, retinimo, einamieji, kra\u0161tovaizd\u017eio formavimo, trako kirtimai mi\u0161ko \u017eem\u0117je.<\/span><\/p><p>Dirvos paruo\u0161imas mechanizuotam sodinimui, mi\u0161ko sodmen\u0173 apdorojimas repelentais, skruzd\u0117lyn\u0173 aptv\u0117rimas, inkil\u0173 gamyba ir i\u0161k\u0117limas mi\u0161ko \u017eem\u0117je, kvartalini\u0173 linij\u0173 valymas, mineralizuot\u0173 juost\u0173 \u012frengimas mi\u0161ko \u017eem\u0117je, mi\u0161ko valymas, nelegali\u0173 s\u0105vartyn\u0173 likvidavimas, upeli\u0173 \u0161lait\u0173, griovi\u0173 ir kit\u0173 daub\u0173 valymas ir bendroji prie\u017ei\u016bra bei apsauga.<\/p><p>Taip pat tvarkomos v\u0117jalau\u017eos, v\u0117javartos po audr\u0173, darbai gali b\u016bti atliekami ir gyventojams, \u012fmon\u0117ms, organizacijoms, jei min\u0117ti fiziniai ar juridiniai asmenys pasir\u016bpins atitinkamais leidimais med\u017ei\u0173 kirtimui\/gen\u0117jimui.<\/p><\/div><\/div><\/div><\/div><\/div>\t\t\t\t\t\t<\/div>\r\n\t\t\t\t<\/div>\r\n\t\t\t\t<\/div>\r\n\t\t<div class=\"elementor-element elementor-element-6eebbd59 e-con-full e-flex e-con e-child\" data-id=\"6eebbd59\" data-element_type=\"container\" data-settings=\"{&quot;content_width&quot;:&quot;full&quot;}\">\r\n\t\t\t\t<div class=\"elementor-element elementor-element-196cb736 elementor-widget elementor-widget-image\" data-id=\"196cb736\" data-element_type=\"widget\" data-widget_type=\"image.default\">\r\n\t\t\t\t<div class=\"elementor-widget-container\">\r\n\t\t\t<style>\/*! elementor - v3.17.0 - 08-11-2023 *\/\n.elementor-widget-image{text-align:center}.elementor-widget-image a{display:inline-block}.elementor-widget-image a img[src$=\".svg\"]{width:48px}.elementor-widget-image img{vertical-align:middle;display:inline-block}<\/style>\t\t\t\t\t\t\t\t\t\t\t\t<img fetchpriority=\"high\" decoding=\"async\" width=\"768\" height=\"1024\" src=\"https:\/\/kaunogatviuapsvietimas.lt\/wp-content\/uploads\/2023\/11\/IMG_20220513_131946_5-1-768x1024.jpg\" class=\"attachment-large size-large wp-image-1597\" alt=\"\" srcset=\"https:\/\/kaunogatviuapsvietimas.lt\/wp-content\/uploads\/2023\/11\/IMG_20220513_131946_5-1-768x1024.jpg 768w, https:\/\/kaunogatviuapsvietimas.lt\/wp-content\/uploads\/2023\/11\/IMG_20220513_131946_5-1-225x300.jpg 225w, https:\/\/kaunogatviuapsvietimas.lt\/wp-content\/uploads\/2023\/11\/IMG_20220513_131946_5-1.jpg 1080w\" sizes=\"(max-width: 768px) 100vw, 768px\" \/>\t\t\t\t\t\t\t\t\t\t\t\t\t\t\t<\/div>\r\n\t\t\t\t<\/div>\r\n\t\t\t\t<\/div>\r\n\t\t\t\t\t<\/div>\r\n\t\t\t\t<\/div>\r\n\t\t<div class=\"elementor-element elementor-element-2836fbc e-flex e-con-boxed e-con e-parent\" data-id=\"2836fbc\" data-element_type=\"container\" data-settings=\"{&quot;background_background&quot;:&quot;classic&quot;,&quot;content_width&quot;:&quot;boxed&quot;}\" data-core-v316-plus=\"true\">\r\n\t\t\t\t\t<div class=\"e-con-inner\">\r\n\t\t\t\t<div class=\"elementor-element elementor-element-a680497 elementor-widget elementor-widget-text-editor\" data-id=\"a680497\" data-element_type=\"widget\" data-widget_type=\"text-editor.default\">\r\n\t\t\t\t<div class=\"elementor-widget-container\">\r\n\t\t\t\t\t\t\t<p>Vykdomi profilaktiniai gen\u0117jimai avarin\u0117se zonose \u0161alia oro linij\u0173 ir sankry\u017eose, kur \u017eeldiniai u\u017estoja \u0161viesofor\u0173 ir kelio \u017eenkl\u0173 matomum\u0105.<\/p><div>Ventiliacijos ir laistymo kanal\u0173 med\u017eiams \u012frengimas, tvenkini\u0173 prie\u017ei\u016bra\/valymas ir varnini\u0173 pauk\u0161\u010di\u0173 lizd\u0173 med\u017eiuose i\u0161ardymas.<\/div><p>UAB &#8220;Kauno gatvi\u0173 ap\u0161vietimas&#8221; r\u016bpinasi mi\u0161kais aplink Kaun\u0105 bei pri\u017ei\u016bri 700 ha mi\u0161k\u0173 (\u0161il\u0173).<\/p>\t\t\t\t\t\t<\/div>\r\n\t\t\t\t<\/div>\r\n\t\t\t\t\t<\/div>\r\n\t\t\t\t<\/div>\r\n\t\t\t\t\t\t\t<\/div>\r\n\t\t","protected":false},"excerpt":{"rendered":"<p>\u017deldini\u0173, mi\u0161ko park\u0173 prie\u017ei\u016bra Kauno miesto \u017eeldini\u0173, mi\u0161k\u0173 ir mi\u0161ko park\u0173 prie\u017ei\u016bra ir tvarkymas. Miesto \u017eeldini\u0173, mi\u0161k\u0173 ir mi\u0161ko park\u0173 prie\u017ei\u016bros ir tvarkymo paslaugos &#8211;\u00a0\u017eali\u0173j\u0173 plot\u0173 prie\u017ei\u016bra (\u0161ienavimas),\u00a0med\u017ei\u0173\/kr\u016bm\u0173 kirtimas, med\u017ei\u0173 gen\u0117jimas, nul\u016b\u017eusi\u0173 med\u017eio \u0161ak\u0173 miesto gatv\u0117se, skveruose ir parkuose surinkimas, kelm\u0173 rovimas, med\u017ei\u0173 \u017eaizd\u0173 gydimas, med\u017eio drevi\u0173 valymas ir konservavimas, med\u017ei\u0173, kr\u016bm\u0173 sodinimas j\u0173 prie\u017ei\u016bra, &hellip;<\/p>\n<p class=\"read-more\"> <a class=\"\" href=\"https:\/\/kaunogatviuapsvietimas.lt\/?page_id=1580\"> <span class=\"screen-reader-text\">\u017deldini\u0173, mi\u0161ko park\u0173 prie\u017ei\u016bra<\/span> Read More \u00bb<\/a><\/p>\n","protected":false},"author":1,"featured_media":0,"parent":0,"menu_order":0,"comment_status":"closed","ping_status":"closed","template":"","meta":{"site-sidebar-layout":"no-sidebar","site-content-layout":"page-builder","ast-site-content-layout":"full-width-container","site-content-style":"default","site-sidebar-style":"default","ast-global-header-display":"","ast-banner-title-visibility":"","ast-main-header-display":"","ast-hfb-above-header-display":"","ast-hfb-below-header-display":"","ast-hfb-mobile-header-display":"","site-post-title":"disabled","ast-breadcrumbs-content":"","ast-featured-img":"disabled","footer-sml-layout":"","theme-transparent-header-meta":"","adv-header-id-meta":"","stick-header-meta":"","header-above-stick-meta":"","header-main-stick-meta":"","header-below-stick-meta":"","astra-migrate-meta-layouts":"set","ast-page-background-enabled":"default","ast-page-background-meta":{"desktop":{"background-color":"","background-image":"","background-repeat":"repeat","background-position":"center center","background-size":"auto","background-attachment":"scroll","background-type":"","background-media":"","overlay-type":"","overlay-color":"","overlay-gradient":""},"tablet":{"background-color":"","background-image":"","background-repeat":"repeat","background-position":"center center","background-size":"auto","background-attachment":"scroll","background-type":"","background-media":"","overlay-type":"","overlay-color":"","overlay-gradient":""},"mobile":{"background-color":"","background-image":"","background-repeat":"repeat","background-position":"center center","background-size":"auto","background-attachment":"scroll","background-type":"","background-media":"","overlay-type":"","overlay-color":"","overlay-gradient":""}},"ast-content-background-meta":{"desktop":{"background-color":"var(--ast-global-color-5)","background-image":"","background-repeat":"repeat","background-position":"center center","background-size":"auto","background-attachment":"scroll","background-type":"","background-media":"","overlay-type":"","overlay-color":"","overlay-gradient":""},"tablet":{"background-color":"var(--ast-global-color-5)","background-image":"","background-repeat":"repeat","background-position":"center center","background-size":"auto","background-attachment":"scroll","background-type":"","background-media":"","overlay-type":"","overlay-color":"","overlay-gradient":""},"mobile":{"background-color":"var(--ast-global-color-5)","background-image":"","background-repeat":"repeat","background-position":"center center","background-size":"auto","background-attachment":"scroll","background-type":"","background-media":"","overlay-type":"","overlay-color":"","overlay-gradient":""}},"footnotes":""},"class_list":["post-1580","page","type-page","status-publish","hentry"],"_links":{"self":[{"href":"https:\/\/kaunogatviuapsvietimas.lt\/index.php?rest_route=\/wp\/v2\/pages\/1580","targetHints":{"allow":["GET"]}}],"collection":[{"href":"https:\/\/kaunogatviuapsvietimas.lt\/index.php?rest_route=\/wp\/v2\/pages"}],"about":[{"href":"https:\/\/kaunogatviuapsvietimas.lt\/index.php?rest_route=\/wp\/v2\/types\/page"}],"author":[{"embeddable":true,"href":"https:\/\/kaunogatviuapsvietimas.lt\/index.php?rest_route=\/wp\/v2\/users\/1"}],"replies":[{"embeddable":true,"href":"https:\/\/kaunogatviuapsvietimas.lt\/index.php?rest_route=%2Fwp%2Fv2%2Fcomments&post=1580"}],"version-history":[{"count":37,"href":"https:\/\/kaunogatviuapsvietimas.lt\/index.php?rest_route=\/wp\/v2\/pages\/1580\/revisions"}],"predecessor-version":[{"id":2656,"href":"https:\/\/kaunogatviuapsvietimas.lt\/index.php?rest_route=\/wp\/v2\/pages\/1580\/revisions\/2656"}],"wp:attachment":[{"href":"https:\/\/kaunogatviuapsvietimas.lt\/index.php?rest_route=%2Fwp%2Fv2%2Fmedia&parent=1580"}],"curies":[{"name":"wp","href":"https:\/\/api.w.org\/{rel}","templated":true}]}}