{"id":1392,"date":"2023-11-28T07:34:00","date_gmt":"2023-11-28T07:34:00","guid":{"rendered":"https:\/\/kaunogatviuapsvietimas.lt\/?page_id=1392"},"modified":"2026-04-29T05:15:15","modified_gmt":"2026-04-29T05:15:15","slug":"finansiniu-ataskaitu-dokumentai","status":"publish","type":"page","link":"https:\/\/kaunogatviuapsvietimas.lt\/?page_id=1392","title":{"rendered":"Finansini\u0173 ataskait\u0173 dokumentai"},"content":{"rendered":"\t\t<div data-elementor-type=\"wp-page\" data-elementor-id=\"1392\" class=\"elementor elementor-1392\" data-elementor-post-type=\"page\">\r\n\t\t\t\t\t\t\t<div class=\"elementor-element elementor-element-24c716be e-flex e-con-boxed e-con e-parent\" data-id=\"24c716be\" data-element_type=\"container\" data-settings=\"{&quot;background_background&quot;:&quot;classic&quot;,&quot;content_width&quot;:&quot;boxed&quot;}\" data-core-v316-plus=\"true\">\r\n\t\t\t\t\t<div class=\"e-con-inner\">\r\n\t\t<div class=\"elementor-element elementor-element-59e11e3c e-con-full e-flex e-con e-child\" data-id=\"59e11e3c\" data-element_type=\"container\" data-settings=\"{&quot;content_width&quot;:&quot;full&quot;}\">\r\n\t\t\t\t<div class=\"elementor-element elementor-element-42d35c2 elementor-widget elementor-widget-heading\" data-id=\"42d35c2\" data-element_type=\"widget\" data-widget_type=\"heading.default\">\r\n\t\t\t\t<div class=\"elementor-widget-container\">\r\n\t\t\t<style>\/*! elementor - v3.17.0 - 08-11-2023 *\/\n.elementor-heading-title{padding:0;margin:0;line-height:1}.elementor-widget-heading .elementor-heading-title[class*=elementor-size-]>a{color:inherit;font-size:inherit;line-height:inherit}.elementor-widget-heading .elementor-heading-title.elementor-size-small{font-size:15px}.elementor-widget-heading .elementor-heading-title.elementor-size-medium{font-size:19px}.elementor-widget-heading .elementor-heading-title.elementor-size-large{font-size:29px}.elementor-widget-heading .elementor-heading-title.elementor-size-xl{font-size:39px}.elementor-widget-heading .elementor-heading-title.elementor-size-xxl{font-size:59px}<\/style><h1 class=\"elementor-heading-title elementor-size-default\">Finansini\u0173 ataskait\u0173 rinkiniai<\/h1>\t\t<\/div>\r\n\t\t\t\t<\/div>\r\n\t\t\t\t<\/div>\r\n\t\t\t\t\t<\/div>\r\n\t\t\t\t<\/div>\r\n\t\t<div class=\"elementor-element elementor-element-7bce9c69 e-flex e-con-boxed e-con e-parent\" data-id=\"7bce9c69\" data-element_type=\"container\" data-settings=\"{&quot;background_background&quot;:&quot;classic&quot;,&quot;content_width&quot;:&quot;boxed&quot;}\" data-core-v316-plus=\"true\">\r\n\t\t\t\t\t<div class=\"e-con-inner\">\r\n\t\t<div class=\"elementor-element elementor-element-37f2a981 e-con-full e-flex e-con e-child\" data-id=\"37f2a981\" data-element_type=\"container\" data-settings=\"{&quot;content_width&quot;:&quot;full&quot;}\">\r\n\t\t\t\t<div class=\"elementor-element elementor-element-151a57e0 elementor-widget elementor-widget-heading\" data-id=\"151a57e0\" data-element_type=\"widget\" data-widget_type=\"heading.default\">\r\n\t\t\t\t<div class=\"elementor-widget-container\">\r\n\t\t\t<h4 class=\"elementor-heading-title elementor-size-default\">2026 m.<\/h4>\t\t<\/div>\r\n\t\t\t\t<\/div>\r\n\t\t\t\t<div class=\"elementor-element elementor-element-05aa148 elementor-widget elementor-widget-heading\" data-id=\"05aa148\" data-element_type=\"widget\" data-widget_type=\"heading.default\">\r\n\t\t\t\t<div class=\"elementor-widget-container\">\r\n\t\t\t<h6 class=\"elementor-heading-title elementor-size-default\"><a href=\"https:\/\/kaunogatviuapsvietimas.lt\/wp-content\/uploads\/2026\/04\/2026-m.-I-ketvircio-finansine-ataskaita.pdf\" target=\"_blank\">2026 m. I ketvir\u010dio finansin\u0117 ataskaita<\/a><\/h6>\t\t<\/div>\r\n\t\t\t\t<\/div>\r\n\t\t\t\t<div class=\"elementor-element elementor-element-5ae4586 elementor-widget elementor-widget-heading\" data-id=\"5ae4586\" data-element_type=\"widget\" data-widget_type=\"heading.default\">\r\n\t\t\t\t<div class=\"elementor-widget-container\">\r\n\t\t\t<h4 class=\"elementor-heading-title elementor-size-default\">2025 m.<\/h4>\t\t<\/div>\r\n\t\t\t\t<\/div>\r\n\t\t\t\t<div class=\"elementor-element elementor-element-a4af941 elementor-widget elementor-widget-heading\" data-id=\"a4af941\" data-element_type=\"widget\" data-widget_type=\"heading.default\">\r\n\t\t\t\t<div class=\"elementor-widget-container\">\r\n\t\t\t<h6 class=\"elementor-heading-title elementor-size-default\"><a href=\"https:\/\/kaunogatviuapsvietimas.lt\/wp-content\/uploads\/2026\/03\/KGA-auditoriaus-isvada-2025.pdf\" target=\"_blank\">Auditoriaus i\u0161vada u\u017e 2025 m.<\/a><\/h6>\t\t<\/div>\r\n\t\t\t\t<\/div>\r\n\t\t\t\t<div class=\"elementor-element elementor-element-2192f07 elementor-widget elementor-widget-heading\" data-id=\"2192f07\" data-element_type=\"widget\" data-widget_type=\"heading.default\">\r\n\t\t\t\t<div class=\"elementor-widget-container\">\r\n\t\t\t<h6 class=\"elementor-heading-title elementor-size-default\"><a href=\"https:\/\/kaunogatviuapsvietimas.lt\/wp-content\/uploads\/2026\/03\/KGA-vadovybes-ataskaita-2025.pdf\" target=\"_blank\">2025 m. vadovyb\u0117s ataskaita<\/a><\/h6>\t\t<\/div>\r\n\t\t\t\t<\/div>\r\n\t\t\t\t<div class=\"elementor-element elementor-element-9317733 elementor-widget elementor-widget-heading\" data-id=\"9317733\" data-element_type=\"widget\" data-widget_type=\"heading.default\">\r\n\t\t\t\t<div class=\"elementor-widget-container\">\r\n\t\t\t<h6 class=\"elementor-heading-title elementor-size-default\"><a href=\"https:\/\/kaunogatviuapsvietimas.lt\/wp-content\/uploads\/2026\/03\/2025-m.-IV-ketvircio-finansine-ataskaita.pdf\" target=\"_blank\">2025 m. IV ketvir\u010dio finansin\u0117 ataskaita<\/a><\/h6>\t\t<\/div>\r\n\t\t\t\t<\/div>\r\n\t\t\t\t<div class=\"elementor-element elementor-element-124c06c elementor-widget elementor-widget-heading\" data-id=\"124c06c\" data-element_type=\"widget\" data-widget_type=\"heading.default\">\r\n\t\t\t\t<div class=\"elementor-widget-container\">\r\n\t\t\t<h6 class=\"elementor-heading-title elementor-size-default\"><a href=\"https:\/\/kaunogatviuapsvietimas.lt\/wp-content\/uploads\/2026\/03\/2025-m.-II-ir-III-ketvirciu-finansine-ataskaita.pdf\" target=\"_blank\">2025 m. II ir III ketvir\u010di\u0173 finansin\u0117 ataskaita<\/a><\/h6>\t\t<\/div>\r\n\t\t\t\t<\/div>\r\n\t\t\t\t<div class=\"elementor-element elementor-element-e28ce4e elementor-widget elementor-widget-heading\" data-id=\"e28ce4e\" data-element_type=\"widget\" data-widget_type=\"heading.default\">\r\n\t\t\t\t<div class=\"elementor-widget-container\">\r\n\t\t\t<h6 class=\"elementor-heading-title elementor-size-default\"><a href=\"https:\/\/kaunogatviuapsvietimas.lt\/wp-content\/uploads\/2026\/03\/2025-m.-I-ketvircio-finansine-ataskaita.pdf\" target=\"_blank\">2025 m. I ketvir\u010dio finansin\u0117 ataskaita<\/a><\/h6>\t\t<\/div>\r\n\t\t\t\t<\/div>\r\n\t\t\t\t<div class=\"elementor-element elementor-element-df44fc1 elementor-widget elementor-widget-heading\" data-id=\"df44fc1\" data-element_type=\"widget\" data-widget_type=\"heading.default\">\r\n\t\t\t\t<div class=\"elementor-widget-container\">\r\n\t\t\t<h4 class=\"elementor-heading-title elementor-size-default\">2024 m.<\/h4>\t\t<\/div>\r\n\t\t\t\t<\/div>\r\n\t\t\t\t<div class=\"elementor-element elementor-element-8bc646e elementor-widget elementor-widget-heading\" data-id=\"8bc646e\" data-element_type=\"widget\" data-widget_type=\"heading.default\">\r\n\t\t\t\t<div class=\"elementor-widget-container\">\r\n\t\t\t<h6 class=\"elementor-heading-title elementor-size-default\"><a href=\"https:\/\/kaunogatviuapsvietimas.lt\/wp-content\/uploads\/2025\/02\/2024-m.-finansiniu-ataskaitu-audito-isvada.pdf\" target=\"_blank\">Auditoriaus i\u0161vada u\u017e 2024 m.<\/a><\/h6>\t\t<\/div>\r\n\t\t\t\t<\/div>\r\n\t\t\t\t<div class=\"elementor-element elementor-element-a19278c elementor-widget elementor-widget-heading\" data-id=\"a19278c\" data-element_type=\"widget\" data-widget_type=\"heading.default\">\r\n\t\t\t\t<div class=\"elementor-widget-container\">\r\n\t\t\t<h6 class=\"elementor-heading-title elementor-size-default\"><a href=\"https:\/\/kaunogatviuapsvietimas.lt\/wp-content\/uploads\/2025\/02\/2024-m.-vadovybes-ataskaita.pdf\" target=\"_blank\">2024 m. vadovyb\u0117s ataskaita<\/a><\/h6>\t\t<\/div>\r\n\t\t\t\t<\/div>\r\n\t\t\t\t<div class=\"elementor-element elementor-element-d6b589e elementor-widget elementor-widget-heading\" data-id=\"d6b589e\" data-element_type=\"widget\" data-widget_type=\"heading.default\">\r\n\t\t\t\t<div class=\"elementor-widget-container\">\r\n\t\t\t<h6 class=\"elementor-heading-title elementor-size-default\"><a href=\"https:\/\/kaunogatviuapsvietimas.lt\/wp-content\/uploads\/2025\/02\/2024-m.-IV-ketv.-finansines-ataskaitos.pdf\" target=\"_blank\">2024 m. IV ketvir\u010dio finansin\u0117 ataskaita<\/a><\/h6>\t\t<\/div>\r\n\t\t\t\t<\/div>\r\n\t\t\t\t<div class=\"elementor-element elementor-element-0aa89bd elementor-widget elementor-widget-heading\" data-id=\"0aa89bd\" data-element_type=\"widget\" data-widget_type=\"heading.default\">\r\n\t\t\t\t<div class=\"elementor-widget-container\">\r\n\t\t\t<h6 class=\"elementor-heading-title elementor-size-default\"><a href=\"https:\/\/kaunogatviuapsvietimas.lt\/wp-content\/uploads\/2024\/10\/2024-m.-III-ketv.-finansine-ataskaita.pdf\" target=\"_blank\">2024 m. III ketvir\u010dio finansin\u0117 ataskaita<\/a><\/h6>\t\t<\/div>\r\n\t\t\t\t<\/div>\r\n\t\t\t\t<div class=\"elementor-element elementor-element-0a02a40 elementor-widget elementor-widget-heading\" data-id=\"0a02a40\" data-element_type=\"widget\" data-widget_type=\"heading.default\">\r\n\t\t\t\t<div class=\"elementor-widget-container\">\r\n\t\t\t<h6 class=\"elementor-heading-title elementor-size-default\"><a href=\"https:\/\/kaunogatviuapsvietimas.lt\/wp-content\/uploads\/2024\/07\/2024-m.-II-ketv.-finansine-ataskaita.pdf\" target=\"_blank\">2024 m. II ketvir\u010dio finansin\u0117 ataskaita<\/a><\/h6>\t\t<\/div>\r\n\t\t\t\t<\/div>\r\n\t\t\t\t<div class=\"elementor-element elementor-element-0708d73 elementor-widget elementor-widget-heading\" data-id=\"0708d73\" data-element_type=\"widget\" data-widget_type=\"heading.default\">\r\n\t\t\t\t<div class=\"elementor-widget-container\">\r\n\t\t\t<h6 class=\"elementor-heading-title elementor-size-default\"><a href=\"https:\/\/kaunogatviuapsvietimas.lt\/wp-content\/uploads\/2024\/05\/2024-m.-I-ketv.-finansine-ataskaita.pdf\" target=\"_blank\">2024 m. I ketvir\u010dio finansin\u0117 ataskaita<\/a><\/h6>\t\t<\/div>\r\n\t\t\t\t<\/div>\r\n\t\t\t\t<div class=\"elementor-element elementor-element-269b490 elementor-widget elementor-widget-heading\" data-id=\"269b490\" data-element_type=\"widget\" data-widget_type=\"heading.default\">\r\n\t\t\t\t<div class=\"elementor-widget-container\">\r\n\t\t\t<h4 class=\"elementor-heading-title elementor-size-default\">2022 m.<\/h4>\t\t<\/div>\r\n\t\t\t\t<\/div>\r\n\t\t\t\t<div class=\"elementor-element elementor-element-f9ad998 elementor-widget elementor-widget-heading\" data-id=\"f9ad998\" data-element_type=\"widget\" data-widget_type=\"heading.default\">\r\n\t\t\t\t<div class=\"elementor-widget-container\">\r\n\t\t\t<h6 class=\"elementor-heading-title elementor-size-default\"><a href=\"https:\/\/kaunogatviuapsvietimas.lt\/wp-content\/uploads\/2023\/12\/2022-m.-auditoriaus-isvada.pdf\" target=\"_blank\">Auditoriaus i\u0161vada u\u017e 2022 m.<\/a><\/h6>\t\t<\/div>\r\n\t\t\t\t<\/div>\r\n\t\t\t\t<div class=\"elementor-element elementor-element-4b35b80 elementor-widget elementor-widget-heading\" data-id=\"4b35b80\" data-element_type=\"widget\" data-widget_type=\"heading.default\">\r\n\t\t\t\t<div class=\"elementor-widget-container\">\r\n\t\t\t<h6 class=\"elementor-heading-title elementor-size-default\"><a href=\"https:\/\/kaunogatviuapsvietimas.lt\/wp-content\/uploads\/2023\/12\/2022-m.-metinis-pranesimas.pdf\" target=\"_blank\">2022 m. metinis prane\u0161imas<\/a><\/h6>\t\t<\/div>\r\n\t\t\t\t<\/div>\r\n\t\t\t\t<div class=\"elementor-element elementor-element-52a4702 elementor-widget elementor-widget-heading\" data-id=\"52a4702\" data-element_type=\"widget\" data-widget_type=\"heading.default\">\r\n\t\t\t\t<div class=\"elementor-widget-container\">\r\n\t\t\t<h6 class=\"elementor-heading-title elementor-size-default\"><a href=\"https:\/\/kaunogatviuapsvietimas.lt\/wp-content\/uploads\/2023\/11\/2022-m.-IV-ketv.-finansine-ataskaita.pdf\" target=\"_blank\">2022 m. IV ketvir\u010dio finansin\u0117 ataskaita<\/a><\/h6>\t\t<\/div>\r\n\t\t\t\t<\/div>\r\n\t\t\t\t<div class=\"elementor-element elementor-element-7ca633b elementor-widget elementor-widget-heading\" data-id=\"7ca633b\" data-element_type=\"widget\" data-widget_type=\"heading.default\">\r\n\t\t\t\t<div class=\"elementor-widget-container\">\r\n\t\t\t<h6 class=\"elementor-heading-title elementor-size-default\"><a href=\"https:\/\/kaunogatviuapsvietimas.lt\/wp-content\/uploads\/2023\/11\/2022-m.-III-ketv.-finansine-ataskaita.pdf\" target=\"_blank\">2022 m. III ketvir\u010dio finansin\u0117 ataskaita<\/a><\/h6>\t\t<\/div>\r\n\t\t\t\t<\/div>\r\n\t\t\t\t<div class=\"elementor-element elementor-element-b6375cf elementor-widget elementor-widget-heading\" data-id=\"b6375cf\" data-element_type=\"widget\" data-widget_type=\"heading.default\">\r\n\t\t\t\t<div class=\"elementor-widget-container\">\r\n\t\t\t<h6 class=\"elementor-heading-title elementor-size-default\"><a href=\"https:\/\/kaunogatviuapsvietimas.lt\/wp-content\/uploads\/2023\/11\/2022-m.-II-ketv.-finansine-ataskaita.pdf\" target=\"_blank\">2022 m. II ketvir\u010dio finansin\u0117 ataskaita<\/a><\/h6>\t\t<\/div>\r\n\t\t\t\t<\/div>\r\n\t\t\t\t<div class=\"elementor-element elementor-element-480b621 elementor-widget elementor-widget-heading\" data-id=\"480b621\" data-element_type=\"widget\" data-widget_type=\"heading.default\">\r\n\t\t\t\t<div class=\"elementor-widget-container\">\r\n\t\t\t<h6 class=\"elementor-heading-title elementor-size-default\"><a href=\"https:\/\/kaunogatviuapsvietimas.lt\/wp-content\/uploads\/2023\/11\/2022-m.-I-ketv.-finansine-ataskaita.pdf\" target=\"_blank\">2022 m. I ketvir\u010dio finansin\u0117 ataskaita<\/a><\/h6>\t\t<\/div>\r\n\t\t\t\t<\/div>\r\n\t\t\t\t<\/div>\r\n\t\t<div class=\"elementor-element elementor-element-83cc9ce e-con-full e-flex e-con e-child\" data-id=\"83cc9ce\" data-element_type=\"container\" data-settings=\"{&quot;content_width&quot;:&quot;full&quot;}\">\r\n\t\t\t\t<div class=\"elementor-element elementor-element-3b5cafd elementor-widget elementor-widget-heading\" data-id=\"3b5cafd\" data-element_type=\"widget\" data-widget_type=\"heading.default\">\r\n\t\t\t\t<div class=\"elementor-widget-container\">\r\n\t\t\t<h4 class=\"elementor-heading-title elementor-size-default\">2023 m.<\/h4>\t\t<\/div>\r\n\t\t\t\t<\/div>\r\n\t\t\t\t<div class=\"elementor-element elementor-element-4ff4dba elementor-widget elementor-widget-heading\" data-id=\"4ff4dba\" data-element_type=\"widget\" data-widget_type=\"heading.default\">\r\n\t\t\t\t<div class=\"elementor-widget-container\">\r\n\t\t\t<h6 class=\"elementor-heading-title elementor-size-default\"><a href=\"https:\/\/kaunogatviuapsvietimas.lt\/wp-content\/uploads\/2024\/03\/2023-m.-auditoriaus-isvada.pdf\" target=\"_blank\">Auditoriaus i\u0161vada u\u017e 2023 m.<\/a><\/h6>\t\t<\/div>\r\n\t\t\t\t<\/div>\r\n\t\t\t\t<div class=\"elementor-element elementor-element-e6915b2 elementor-widget elementor-widget-heading\" data-id=\"e6915b2\" data-element_type=\"widget\" data-widget_type=\"heading.default\">\r\n\t\t\t\t<div class=\"elementor-widget-container\">\r\n\t\t\t<h6 class=\"elementor-heading-title elementor-size-default\"><a href=\"https:\/\/kaunogatviuapsvietimas.lt\/wp-content\/uploads\/2024\/03\/2023-m.-metinis-pranesimas.pdf\" target=\"_blank\">2023 m. metinis prane\u0161imas<\/a><\/h6>\t\t<\/div>\r\n\t\t\t\t<\/div>\r\n\t\t\t\t<div class=\"elementor-element elementor-element-7091d13 elementor-widget elementor-widget-heading\" data-id=\"7091d13\" data-element_type=\"widget\" data-widget_type=\"heading.default\">\r\n\t\t\t\t<div class=\"elementor-widget-container\">\r\n\t\t\t<h6 class=\"elementor-heading-title elementor-size-default\"><a href=\"https:\/\/kaunogatviuapsvietimas.lt\/wp-content\/uploads\/2024\/03\/2023m.-IV-ketv.-finansine-ataskaita.pdf\" target=\"_blank\">2023 m. IV ketvir\u010dio finansin\u0117 ataskaita<\/a><\/h6>\t\t<\/div>\r\n\t\t\t\t<\/div>\r\n\t\t\t\t<div class=\"elementor-element elementor-element-526210e elementor-widget elementor-widget-heading\" data-id=\"526210e\" data-element_type=\"widget\" data-widget_type=\"heading.default\">\r\n\t\t\t\t<div class=\"elementor-widget-container\">\r\n\t\t\t<h6 class=\"elementor-heading-title elementor-size-default\"><a href=\"https:\/\/kaunogatviuapsvietimas.lt\/wp-content\/uploads\/2023\/12\/2023-m.-III-ketv.-finansine-ataskaita.pdf\" target=\"_blank\">2023 m. III ketvir\u010dio finansin\u0117 ataskaita<\/a><\/h6>\t\t<\/div>\r\n\t\t\t\t<\/div>\r\n\t\t\t\t<div class=\"elementor-element elementor-element-484c5a3 elementor-widget elementor-widget-heading\" data-id=\"484c5a3\" data-element_type=\"widget\" data-widget_type=\"heading.default\">\r\n\t\t\t\t<div class=\"elementor-widget-container\">\r\n\t\t\t<h6 class=\"elementor-heading-title elementor-size-default\"><a href=\"https:\/\/kaunogatviuapsvietimas.lt\/wp-content\/uploads\/2023\/11\/2023-m.-II-ketv.-finansine-ataskaita.pdf\" target=\"_blank\">2023 m. II ketvir\u010dio finansin\u0117 ataskaita<\/a><\/h6>\t\t<\/div>\r\n\t\t\t\t<\/div>\r\n\t\t\t\t<div class=\"elementor-element elementor-element-a71e4bd elementor-widget elementor-widget-heading\" data-id=\"a71e4bd\" data-element_type=\"widget\" data-widget_type=\"heading.default\">\r\n\t\t\t\t<div class=\"elementor-widget-container\">\r\n\t\t\t<h6 class=\"elementor-heading-title elementor-size-default\"><a href=\"https:\/\/kaunogatviuapsvietimas.lt\/wp-content\/uploads\/2023\/11\/2023-m.-I-ketv.-finansine-ataskaita.pdf\" target=\"_blank\">2023 m. I ketvir\u010dio finansin\u0117 ataskaita<\/a><\/h6>\t\t<\/div>\r\n\t\t\t\t<\/div>\r\n\t\t\t\t<div class=\"elementor-element elementor-element-695cf85 elementor-widget elementor-widget-heading\" data-id=\"695cf85\" data-element_type=\"widget\" data-widget_type=\"heading.default\">\r\n\t\t\t\t<div class=\"elementor-widget-container\">\r\n\t\t\t<h4 class=\"elementor-heading-title elementor-size-default\">2021 m.<\/h4>\t\t<\/div>\r\n\t\t\t\t<\/div>\r\n\t\t\t\t<div class=\"elementor-element elementor-element-637d17a elementor-widget elementor-widget-heading\" data-id=\"637d17a\" data-element_type=\"widget\" data-widget_type=\"heading.default\">\r\n\t\t\t\t<div class=\"elementor-widget-container\">\r\n\t\t\t<h6 class=\"elementor-heading-title elementor-size-default\"><a href=\"https:\/\/kaunogatviuapsvietimas.lt\/wp-content\/uploads\/2023\/11\/2021-m.-auditoriaus-isvada.pdf\" target=\"_blank\">Auditoriaus i\u0161vada u\u017e 2021 m.<\/a><\/h6>\t\t<\/div>\r\n\t\t\t\t<\/div>\r\n\t\t\t\t<div class=\"elementor-element elementor-element-071758b elementor-widget elementor-widget-heading\" data-id=\"071758b\" data-element_type=\"widget\" data-widget_type=\"heading.default\">\r\n\t\t\t\t<div class=\"elementor-widget-container\">\r\n\t\t\t<h6 class=\"elementor-heading-title elementor-size-default\"><a href=\"https:\/\/kaunogatviuapsvietimas.lt\/wp-content\/uploads\/2023\/11\/2021-m.-metinis-pranesimas.pdf\" target=\"_blank\">2021 m. metinis prane\u0161imas<\/a><\/h6>\t\t<\/div>\r\n\t\t\t\t<\/div>\r\n\t\t\t\t<div class=\"elementor-element elementor-element-6550cac elementor-widget elementor-widget-heading\" data-id=\"6550cac\" data-element_type=\"widget\" data-widget_type=\"heading.default\">\r\n\t\t\t\t<div class=\"elementor-widget-container\">\r\n\t\t\t<h6 class=\"elementor-heading-title elementor-size-default\"><a href=\"https:\/\/kaunogatviuapsvietimas.lt\/wp-content\/uploads\/2023\/11\/2021-m.-IV-ketv.-finansine-ataskaita-patvirtinta.pdf\" target=\"_blank\">2021 m. IV ketvir\u010dio finansin\u0117 ataskaita<\/a><\/h6>\t\t<\/div>\r\n\t\t\t\t<\/div>\r\n\t\t\t\t<div class=\"elementor-element elementor-element-dc4eacf elementor-widget elementor-widget-heading\" data-id=\"dc4eacf\" data-element_type=\"widget\" data-widget_type=\"heading.default\">\r\n\t\t\t\t<div class=\"elementor-widget-container\">\r\n\t\t\t<h6 class=\"elementor-heading-title elementor-size-default\"><a href=\"https:\/\/kaunogatviuapsvietimas.lt\/wp-content\/uploads\/2023\/11\/2021-m.-III-ketv.-finansine-ataskaita.pdf\" target=\"_blank\">2021 m. III ketvir\u010dio finansin\u0117 ataskaita<\/a><\/h6>\t\t<\/div>\r\n\t\t\t\t<\/div>\r\n\t\t\t\t<div class=\"elementor-element elementor-element-c6b5832 elementor-widget elementor-widget-heading\" data-id=\"c6b5832\" data-element_type=\"widget\" data-widget_type=\"heading.default\">\r\n\t\t\t\t<div class=\"elementor-widget-container\">\r\n\t\t\t<h6 class=\"elementor-heading-title elementor-size-default\"><a href=\"https:\/\/kaunogatviuapsvietimas.lt\/wp-content\/uploads\/2023\/11\/2021-m.-II-ketv.-finansine-ataskaita.pdf\" target=\"_blank\">2021 m. II ketvir\u010dio finansin\u0117 ataskaita<\/a><\/h6>\t\t<\/div>\r\n\t\t\t\t<\/div>\r\n\t\t\t\t<div class=\"elementor-element elementor-element-858d620 elementor-widget elementor-widget-heading\" data-id=\"858d620\" data-element_type=\"widget\" data-widget_type=\"heading.default\">\r\n\t\t\t\t<div class=\"elementor-widget-container\">\r\n\t\t\t<h6 class=\"elementor-heading-title elementor-size-default\"><a href=\"https:\/\/kaunogatviuapsvietimas.lt\/wp-content\/uploads\/2023\/11\/2021-m.-I-ketv.-finansine-ataskaita.pdf\" target=\"_blank\">2021 m. I ketvir\u010dio finansin\u0117 ataskaita<\/a><\/h6>\t\t<\/div>\r\n\t\t\t\t<\/div>\r\n\t\t\t\t<\/div>\r\n\t\t\t\t\t<\/div>\r\n\t\t\t\t<\/div>\r\n\t\t\t\t\t\t\t<\/div>\r\n\t\t","protected":false},"excerpt":{"rendered":"<p>Finansini\u0173 ataskait\u0173 rinkiniai 2026 m. 2026 m. I ketvir\u010dio finansin\u0117 ataskaita 2025 m. Auditoriaus i\u0161vada u\u017e 2025 m. 2025 m. vadovyb\u0117s ataskaita 2025 m. IV ketvir\u010dio finansin\u0117 ataskaita 2025 m. II ir III ketvir\u010di\u0173 finansin\u0117 ataskaita 2025 m. I ketvir\u010dio finansin\u0117 ataskaita 2024 m. Auditoriaus i\u0161vada u\u017e 2024 m. 2024 m. vadovyb\u0117s ataskaita 2024 m. &hellip;<\/p>\n<p class=\"read-more\"> <a class=\"\" href=\"https:\/\/kaunogatviuapsvietimas.lt\/?page_id=1392\"> <span class=\"screen-reader-text\">Finansini\u0173 ataskait\u0173 dokumentai<\/span> Read More \u00bb<\/a><\/p>\n","protected":false},"author":1,"featured_media":0,"parent":0,"menu_order":0,"comment_status":"closed","ping_status":"closed","template":"","meta":{"site-sidebar-layout":"no-sidebar","site-content-layout":"page-builder","ast-site-content-layout":"full-width-container","site-content-style":"default","site-sidebar-style":"default","ast-global-header-display":"","ast-banner-title-visibility":"","ast-main-header-display":"","ast-hfb-above-header-display":"","ast-hfb-below-header-display":"","ast-hfb-mobile-header-display":"","site-post-title":"disabled","ast-breadcrumbs-content":"","ast-featured-img":"disabled","footer-sml-layout":"","theme-transparent-header-meta":"","adv-header-id-meta":"","stick-header-meta":"","header-above-stick-meta":"","header-main-stick-meta":"","header-below-stick-meta":"","astra-migrate-meta-layouts":"set","ast-page-background-enabled":"default","ast-page-background-meta":{"desktop":{"background-color":"","background-image":"","background-repeat":"repeat","background-position":"center center","background-size":"auto","background-attachment":"scroll","background-type":"","background-media":"","overlay-type":"","overlay-color":"","overlay-gradient":""},"tablet":{"background-color":"","background-image":"","background-repeat":"repeat","background-position":"center center","background-size":"auto","background-attachment":"scroll","background-type":"","background-media":"","overlay-type":"","overlay-color":"","overlay-gradient":""},"mobile":{"background-color":"","background-image":"","background-repeat":"repeat","background-position":"center center","background-size":"auto","background-attachment":"scroll","background-type":"","background-media":"","overlay-type":"","overlay-color":"","overlay-gradient":""}},"ast-content-background-meta":{"desktop":{"background-color":"var(--ast-global-color-5)","background-image":"","background-repeat":"repeat","background-position":"center center","background-size":"auto","background-attachment":"scroll","background-type":"","background-media":"","overlay-type":"","overlay-color":"","overlay-gradient":""},"tablet":{"background-color":"var(--ast-global-color-5)","background-image":"","background-repeat":"repeat","background-position":"center center","background-size":"auto","background-attachment":"scroll","background-type":"","background-media":"","overlay-type":"","overlay-color":"","overlay-gradient":""},"mobile":{"background-color":"var(--ast-global-color-5)","background-image":"","background-repeat":"repeat","background-position":"center center","background-size":"auto","background-attachment":"scroll","background-type":"","background-media":"","overlay-type":"","overlay-color":"","overlay-gradient":""}},"footnotes":""},"class_list":["post-1392","page","type-page","status-publish","hentry"],"_links":{"self":[{"href":"https:\/\/kaunogatviuapsvietimas.lt\/index.php?rest_route=\/wp\/v2\/pages\/1392","targetHints":{"allow":["GET"]}}],"collection":[{"href":"https:\/\/kaunogatviuapsvietimas.lt\/index.php?rest_route=\/wp\/v2\/pages"}],"about":[{"href":"https:\/\/kaunogatviuapsvietimas.lt\/index.php?rest_route=\/wp\/v2\/types\/page"}],"author":[{"embeddable":true,"href":"https:\/\/kaunogatviuapsvietimas.lt\/index.php?rest_route=\/wp\/v2\/users\/1"}],"replies":[{"embeddable":true,"href":"https:\/\/kaunogatviuapsvietimas.lt\/index.php?rest_route=%2Fwp%2Fv2%2Fcomments&post=1392"}],"version-history":[{"count":85,"href":"https:\/\/kaunogatviuapsvietimas.lt\/index.php?rest_route=\/wp\/v2\/pages\/1392\/revisions"}],"predecessor-version":[{"id":2816,"href":"https:\/\/kaunogatviuapsvietimas.lt\/index.php?rest_route=\/wp\/v2\/pages\/1392\/revisions\/2816"}],"wp:attachment":[{"href":"https:\/\/kaunogatviuapsvietimas.lt\/index.php?rest_route=%2Fwp%2Fv2%2Fmedia&parent=1392"}],"curies":[{"name":"wp","href":"https:\/\/api.w.org\/{rel}","templated":true}]}}