{"id":1346,"date":"2023-11-27T23:19:37","date_gmt":"2023-11-27T23:19:37","guid":{"rendered":"https:\/\/kaunogatviuapsvietimas.lt\/?page_id=1346"},"modified":"2023-11-28T07:27:45","modified_gmt":"2023-11-28T07:27:45","slug":"veikla","status":"publish","type":"page","link":"https:\/\/kaunogatviuapsvietimas.lt\/?page_id=1346","title":{"rendered":"Veikla"},"content":{"rendered":"\t\t<div data-elementor-type=\"wp-page\" data-elementor-id=\"1346\" class=\"elementor elementor-1346\" data-elementor-post-type=\"page\">\r\n\t\t\t\t\t\t\t<div class=\"elementor-element elementor-element-6d43454d e-flex e-con-boxed e-con e-parent\" data-id=\"6d43454d\" data-element_type=\"container\" data-settings=\"{&quot;background_background&quot;:&quot;classic&quot;,&quot;content_width&quot;:&quot;boxed&quot;}\" data-core-v316-plus=\"true\">\r\n\t\t\t\t\t<div class=\"e-con-inner\">\r\n\t\t<div class=\"elementor-element elementor-element-30ecec9 e-con-full e-flex e-con e-child\" data-id=\"30ecec9\" data-element_type=\"container\" data-settings=\"{&quot;content_width&quot;:&quot;full&quot;}\">\r\n\t\t\t\t<div class=\"elementor-element elementor-element-1dec529b elementor-widget elementor-widget-heading\" data-id=\"1dec529b\" data-element_type=\"widget\" data-widget_type=\"heading.default\">\r\n\t\t\t\t<div class=\"elementor-widget-container\">\r\n\t\t\t<style>\/*! elementor - v3.17.0 - 08-11-2023 *\/\n.elementor-heading-title{padding:0;margin:0;line-height:1}.elementor-widget-heading .elementor-heading-title[class*=elementor-size-]>a{color:inherit;font-size:inherit;line-height:inherit}.elementor-widget-heading .elementor-heading-title.elementor-size-small{font-size:15px}.elementor-widget-heading .elementor-heading-title.elementor-size-medium{font-size:19px}.elementor-widget-heading .elementor-heading-title.elementor-size-large{font-size:29px}.elementor-widget-heading .elementor-heading-title.elementor-size-xl{font-size:39px}.elementor-widget-heading .elementor-heading-title.elementor-size-xxl{font-size:59px}<\/style><h1 class=\"elementor-heading-title elementor-size-default\">Veiklos <\/h1>\t\t<\/div>\r\n\t\t\t\t<\/div>\r\n\t\t\t\t<\/div>\r\n\t\t\t\t\t<\/div>\r\n\t\t\t\t<\/div>\r\n\t\t<div class=\"elementor-element elementor-element-1f6624b0 e-flex e-con-boxed e-con e-parent\" data-id=\"1f6624b0\" data-element_type=\"container\" data-settings=\"{&quot;background_background&quot;:&quot;classic&quot;,&quot;content_width&quot;:&quot;boxed&quot;}\" data-core-v316-plus=\"true\">\r\n\t\t\t\t\t<div class=\"e-con-inner\">\r\n\t\t<div class=\"elementor-element elementor-element-34f622a5 e-con-full e-flex e-con e-child\" data-id=\"34f622a5\" data-element_type=\"container\" data-settings=\"{&quot;content_width&quot;:&quot;full&quot;}\">\r\n\t\t\t\t<div class=\"elementor-element elementor-element-79d48ddd elementor-vertical-align-top elementor-widget elementor-widget-icon-box\" data-id=\"79d48ddd\" data-element_type=\"widget\" data-widget_type=\"icon-box.default\">\r\n\t\t\t\t<div class=\"elementor-widget-container\">\r\n\t\t\t<link rel=\"stylesheet\" href=\"https:\/\/kaunogatviuapsvietimas.lt\/wp-content\/plugins\/elementor\/assets\/css\/widget-icon-box.min.css\">\t\t<div class=\"elementor-icon-box-wrapper\">\r\n\t\t\t\t\t\t<div class=\"elementor-icon-box-content\">\r\n\t\t\t\t<h2 class=\"elementor-icon-box-title\">\r\n\t\t\t\t\t<span  >\r\n\t\t\t\t\t\tVeiklos sritys\t\t\t\t\t<\/span>\r\n\t\t\t\t<\/h2>\r\n\t\t\t\t\t\t\t<\/div>\r\n\t\t<\/div>\r\n\t\t\t\t<\/div>\r\n\t\t\t\t<\/div>\r\n\t\t\t\t<div class=\"elementor-element elementor-element-73661bb elementor-widget elementor-widget-text-editor\" data-id=\"73661bb\" data-element_type=\"widget\" data-widget_type=\"text-editor.default\">\r\n\t\t\t\t<div class=\"elementor-widget-container\">\r\n\t\t\t<style>\/*! elementor - v3.17.0 - 08-11-2023 *\/\n.elementor-widget-text-editor.elementor-drop-cap-view-stacked .elementor-drop-cap{background-color:#69727d;color:#fff}.elementor-widget-text-editor.elementor-drop-cap-view-framed .elementor-drop-cap{color:#69727d;border:3px solid;background-color:transparent}.elementor-widget-text-editor:not(.elementor-drop-cap-view-default) .elementor-drop-cap{margin-top:8px}.elementor-widget-text-editor:not(.elementor-drop-cap-view-default) .elementor-drop-cap-letter{width:1em;height:1em}.elementor-widget-text-editor .elementor-drop-cap{float:left;text-align:center;line-height:1;font-size:50px}.elementor-widget-text-editor .elementor-drop-cap-letter{display:inline-block}<\/style>\t\t\t\t<ul><li><div><strong>Eksploatacijos skyrius<\/strong>\u00a0vykdo Kauno miesto gatvi\u0173 ap\u0161vietimo elektros tinkl\u0173 eksploatacij\u0105: atlieka ap\u0161vietimo \u0161viestuv\u0173, pro\u017eektori\u0173, ap\u0161vietimo elektros linij\u0173, ap\u0161vietimo maitinimo spint\u0173 ir ap\u0161vietimo atram\u0173 prie\u017ei\u016br\u0105, remont\u0105, ap\u0161vietimo \u012fjungimo ir i\u0161jungimo grafik\u0173 derinim\u0105, taip pat atlieka ap\u0161vietimo elektros tinkl\u0173 \u012frengimo darbus, rengini\u0173 ir \u0161ven\u010di\u0173 aptarnavim\u0105 (elektros pajungimo darbai), dekoratyvinio ap\u0161vietimo pajungim\u0105, aptarnavim\u0105.<\/div><\/li><\/ul><div><ul><li><strong>Eismo valdymo skyrius<\/strong>\u00a0r\u016bpinasi Kauno miesto \u0161viesofor\u0173 \u012frangos technine prie\u017ei\u016bra ir gedim\u0173 \u0161alinimu, Kauno miesto stacionarios prevencin\u0117s grei\u010dio matavimo sistemos\u00a0eksploatavimu ir technine prie\u017ei\u016bra, miesto kelio \u017eenkl\u0173, apsaugini\u0173 atitvar\u0173, \u012fsp\u0117jam\u0173j\u0173 stov\u0173, sferini\u0173 veidrod\u017ei\u0173 ir kit\u0173 in\u017einerini\u0173 eismo saugum\u0105 u\u017etikrinan\u010di\u0173 priemoni\u0173 \u012frengimu ir prie\u017ei\u016bra. Miesto \u0161viesofor\u0173 \u012frangos technin\u0117 prie\u017ei\u016bra ir gedim\u0173 \u0161alinimas &#8211; teikti \u0161viesofor\u0173 \u012frangos sankry\u017eose technin\u0117s prie\u017ei\u016bros ir gedim\u0173 \u0161alinimo paslaugas, vadovaujantis\u00a0 technini\u0173 eismo reguliavimo priemoni\u0173 \u012frengimo ir eksploatacijos paslaug\u0105 reglamentuojan\u010diais dokumentais. Eismo valdymo skyrius u\u017etikrina \u0161viesofor\u0173 \u012frangos eksploatacin\u0119 prie\u017ei\u016br\u0105, kei\u010diant netinkamas lemputes, l\u0119\u0161ius, remontuojant stovus, stogelius, pagalbinius skydus, p\u0117s\u010di\u0173j\u0173 \u0161viesofor\u0173 mygtukus, transporto detektorius, garsinius signalus; tikrina ir reguliuoja \u0161viesofor\u0173 koordinavim\u0105, sureguliuoja \u0161viesofor\u0173 laikrod\u017eius pasikeitus laikui; r\u016bpinasi stacionarios prevencin\u0117s grei\u010dio matavimo sistem\u0173\u00a0eksploatavimu, atlieka technin\u0119 prie\u017ei\u016br\u0105, metrologin\u0119 patikr\u0105, u\u017etikrina tinklo ry\u0161\u012f tarp \u012frangos ir kompiuterio. Atlieka Kauno miesto savivaldyb\u0117s teritorijoje esan\u010di\u0173 eismo valdymo \u012frengini\u0173 prie\u017ei\u016br\u0105, tai yra kelio \u017eenkl\u0173 ir j\u0173 komplektuojan\u010di\u0173 dali\u0173 taisym\u0105, reguliavim\u0105, valym\u0105, tvirtinim\u0105, apsaugini\u0173 atitvar\u0173 , transporto priemoni\u0173 grei\u010dio ma\u017einimo kalneli\u0173 , stand\u017ei\u0173 arba lanks\u010di\u0173 kelio kra\u0161t\u0105 \u017eymin\u010di\u0173 stulpeli\u0173 ir lanks\u010di\u0173 plastikini\u0173 stulpeli\u0173 , p\u0117s\u010di\u0173j\u0173 eismo saugumo saleli\u0173 \u012frengim\u0105 ir prie\u017ei\u016br\u0105.<\/li><\/ul><\/div><div><ul><li><strong>\u017deldini\u0173 prie\u017ei\u016bros<\/strong>\u00a0skyrius vykdo miesto \u017eeldini\u0173, mi\u0161k\u0173 ir mi\u0161ko park\u0173 prie\u017ei\u016bros ir tvarkymo paslaugas, \u00a0pjauna med\u017eius, kr\u016bmus, geni med\u017eius. Atlieka nul\u016b\u017eusi\u0173 med\u017eio \u0161ak\u0173 miesto gatv\u0117se, skveruose ir parkuose surinkim\u0105 ir i\u0161ve\u017eim\u0105, kelm\u0173 rovim\u0105 mechanizuotai ir rankiniu b\u016bdu ribotose erdv\u0117se miesto gatv\u0117se, med\u017ei\u0173 \u017eaizd\u0173 gydim\u0105, med\u017eio drevi\u0173 valym\u0105 ir konservavim\u0105, med\u017ei\u0173, kr\u016bm\u0173 sodinim\u0105 j\u0173 prie\u017ei\u016br\u0105, kirtimus mi\u0161ko \u017eem\u0117je. Taip pat atlieka dirvos paruo\u0161im\u0105 mechanizuotam sodinimui, mi\u0161ko sodmen\u0173 apdorojim\u0105 repelentais, skruzd\u0117lyn\u0173 aptv\u0117rim\u0105, inkil\u0173 gamyb\u0105 ir i\u0161k\u0117lim\u0105 mi\u0161ko \u017eem\u0117je, kvartalini\u0173 linij\u0173 valym\u0105, mineralizuot\u0173 juost\u0173 \u012frengim\u0105 mi\u0161ko \u017eem\u0117je, mi\u0161ko valym\u0105, nelegali\u0173 s\u0105vartyn\u0173 likvidavim\u0105, upeli\u0173 \u0161lait\u0173, griovi\u0173 ir kit\u0173 daub\u0173 valym\u0105\u00a0 bei bendr\u0105j\u0105 prie\u017ei\u016br\u0105 ir apsaug\u0105.\u00a0<\/li><\/ul><\/div><div><ul><li><strong>Statybos skyrius<\/strong>\u00a0vykdo miesto ap\u0161vietimo elektros tinkl\u0173 \u012frengimo, gatvi\u0173 ap\u0161vietimo ir eismo valdymo objekt\u0173 statybos darbus, derina projektus su atitinkamomis tarnybomis, atlieka \u0161i\u0173 projekt\u0173 prie\u017ei\u016br\u0105. Ruo\u0161ia reikaling\u0105 dokumentacij\u0105 projektams parengti, kuri privalo atitikti Lietuvos Respublikos \u012fstatymus, teritorij\u0173 planavimo dokumentus, statybos ir kit\u0173 normatyvini\u0173 dokument\u0173 privalomus reikalavimus ir nustatytas projektavimo technines ir specialias s\u0105lygas. Pri\u017ei\u016bri vykdom\u0173 projekt\u0173 eig\u0105 ir b\u016bkl\u0119, atlieka kitus su projekt\u0173 paruo\u0161imu ir \u012fgyvendinimu susijusius darbus, atlieka projektini\u0173 organizacij\u0173 projektin\u0117s &#8211; s\u0105matin\u0117s dokumentacijos patikrinim\u0105 ir pri\u0117mim\u0105, organizuoja darb\u0173 vykdym\u0105 pagal patvirtint\u0105 dokumentacij\u0105.<\/li><\/ul><\/div><div><ul><li><strong>Remonto skyrius<\/strong>\u00a0r\u016bpinasi bendrov\u0117s tarnybini\u0173 automobili\u0173 ir kitos savaeig\u0117s ir nesavaeig\u0117s gamybin\u0117s technikos (traktoriai, smulkintuvas, priekabos, manipuliatoriai, bok\u0161teliai ir kt.) parku, atliek\u0105 smulk\u0173 jos remont\u0105, ruo\u0161ia techninei ap\u017ei\u016brai ir k\u0117limo \u012frangos bandymams. Gamina gaminius i\u0161 metalo (laikikliai, tvirtinimo elementai, s\u0105var\u017eos ir t. t.), kurie yra reikalingi gatvi\u0173 ap\u0161vietimo, kelio \u017eenkl\u0173, \u0161viesofor\u0173 prie\u017ei\u016brai, \u012frengimui ir remontui. Atlieka smulkius gamini\u0173 i\u0161 medienos apdirbimo, i\u0161baigimo darbus. Pri\u017ei\u016bri bendrov\u0117s pastatus, teritorij\u0105, in\u017einerinius \u012frenginius bei r\u016bpinasi j\u0173 eksploatacija ir remontu.<\/li><\/ul><\/div><ul><li><div><strong>Techninis skyrius<\/strong>\u00a0bendrov\u0117je ruo\u0161ia pirmin\u0119 dokumentacij\u0105 projektams, renka reikaling\u0105 informacij\u0105 projektui parengti, projektuoja lauko gatvi\u0173 ir objekt\u0173 ap\u0161vietim\u0105. Sudaro gatvi\u0173 ap\u0161vietimo \u012fjungimo ir i\u0161jungimo grafikus, gamini\u0173 kalkuliacijas, darb\u0173 ir paslaug\u0173 \u012fkainius, darb\u0173 ir med\u017eiag\u0173 s\u0105matas, paruo\u0161ia atlikt\u0173 darb\u0173 aktus, \u0161viesofor\u0173,\u00a0 gatvi\u0173 ap\u0161vietimo eksploatavimo paslaugos aktus, ap\u0161vietimo elektros \u012frengini\u0173 inventorizacijos \u017einiara\u0161\u010dius. Taip pat atlieka suvestin\u012f statybos kain\u0173 \u00a0apskai\u010diavim\u0105, tvarko ap\u0161viest\u0173 gatvi\u0173 ir objekt\u0173 dokumentacij\u0105, veda ap\u0161vietimo tinkl\u0173 &#8211; linij\u0173, atram\u0173, \u0161viestuv\u0173, \u0161viesos jungimo ir kit\u0173 in\u017einerini\u0173 \u012frengini\u0173, gatvi\u0173 ap\u0161vietimui sunaudotos elektros energijos apskait\u0105, ap\u0161vietimo valdymo punkt\u0173 s\u0105ra\u0161\u0105, ap\u0161viest\u0173 objekt\u0173 \u012frengini\u0173 s\u0105ra\u0161us. I\u0161duoda technines s\u0105lygas nauj\u0173 objekt\u0173 statybai, tikrina ir derina topografines nuotraukas, projektin\u0119 dokumentacij\u0105, esant techniniam poreikiui ( ruo\u0161iant s\u0105matas ), atlieka gatvi\u0173 ap\u0161vietimo tinkl\u0173 (eismo valdymo sistem\u0173 \u012frengini\u0173 ir kt. in\u017einerini\u0173 \u012frengini\u0173) ap\u017ei\u016br\u0105.<\/div><\/li><\/ul>\t\t\t\t\t\t<\/div>\r\n\t\t\t\t<\/div>\r\n\t\t\t\t<\/div>\r\n\t\t<div class=\"elementor-element elementor-element-31b0f5c9 e-con-full e-flex e-con e-child\" data-id=\"31b0f5c9\" data-element_type=\"container\" data-settings=\"{&quot;content_width&quot;:&quot;full&quot;}\">\r\n\t\t\t\t<div class=\"elementor-element elementor-element-7278b89b elementor-widget elementor-widget-image\" data-id=\"7278b89b\" data-element_type=\"widget\" data-widget_type=\"image.default\">\r\n\t\t\t\t<div class=\"elementor-widget-container\">\r\n\t\t\t<style>\/*! elementor - v3.17.0 - 08-11-2023 *\/\n.elementor-widget-image{text-align:center}.elementor-widget-image a{display:inline-block}.elementor-widget-image a img[src$=\".svg\"]{width:48px}.elementor-widget-image img{vertical-align:middle;display:inline-block}<\/style>\t\t\t\t\t\t\t\t\t\t\t\t<img fetchpriority=\"high\" decoding=\"async\" width=\"975\" height=\"1024\" src=\"https:\/\/kaunogatviuapsvietimas.lt\/wp-content\/uploads\/2023\/11\/Untitled-975x1024.png\" class=\"attachment-large size-large wp-image-1369\" alt=\"\" srcset=\"https:\/\/kaunogatviuapsvietimas.lt\/wp-content\/uploads\/2023\/11\/Untitled-975x1024.png 975w, https:\/\/kaunogatviuapsvietimas.lt\/wp-content\/uploads\/2023\/11\/Untitled-286x300.png 286w, https:\/\/kaunogatviuapsvietimas.lt\/wp-content\/uploads\/2023\/11\/Untitled-768x807.png 768w, https:\/\/kaunogatviuapsvietimas.lt\/wp-content\/uploads\/2023\/11\/Untitled-1462x1536.png 1462w, https:\/\/kaunogatviuapsvietimas.lt\/wp-content\/uploads\/2023\/11\/Untitled-1950x2048.png 1950w\" sizes=\"(max-width: 975px) 100vw, 975px\" \/>\t\t\t\t\t\t\t\t\t\t\t\t\t\t\t<\/div>\r\n\t\t\t\t<\/div>\r\n\t\t\t\t<\/div>\r\n\t\t\t\t\t<\/div>\r\n\t\t\t\t<\/div>\r\n\t\t\t\t\t\t\t<\/div>\r\n\t\t","protected":false},"excerpt":{"rendered":"<p>Veiklos Veiklos sritys Eksploatacijos skyrius\u00a0vykdo Kauno miesto gatvi\u0173 ap\u0161vietimo elektros tinkl\u0173 eksploatacij\u0105: atlieka ap\u0161vietimo \u0161viestuv\u0173, pro\u017eektori\u0173, ap\u0161vietimo elektros linij\u0173, ap\u0161vietimo maitinimo spint\u0173 ir ap\u0161vietimo atram\u0173 prie\u017ei\u016br\u0105, remont\u0105, ap\u0161vietimo \u012fjungimo ir i\u0161jungimo grafik\u0173 derinim\u0105, taip pat atlieka ap\u0161vietimo elektros tinkl\u0173 \u012frengimo darbus, rengini\u0173 ir \u0161ven\u010di\u0173 aptarnavim\u0105 (elektros pajungimo darbai), dekoratyvinio ap\u0161vietimo pajungim\u0105, aptarnavim\u0105. Eismo valdymo skyrius\u00a0r\u016bpinasi &hellip;<\/p>\n<p class=\"read-more\"> <a class=\"\" href=\"https:\/\/kaunogatviuapsvietimas.lt\/?page_id=1346\"> <span class=\"screen-reader-text\">Veikla<\/span> Read More \u00bb<\/a><\/p>\n","protected":false},"author":1,"featured_media":0,"parent":0,"menu_order":0,"comment_status":"closed","ping_status":"closed","template":"","meta":{"site-sidebar-layout":"no-sidebar","site-content-layout":"page-builder","ast-site-content-layout":"full-width-container","site-content-style":"default","site-sidebar-style":"default","ast-global-header-display":"","ast-banner-title-visibility":"","ast-main-header-display":"","ast-hfb-above-header-display":"","ast-hfb-below-header-display":"","ast-hfb-mobile-header-display":"","site-post-title":"disabled","ast-breadcrumbs-content":"","ast-featured-img":"disabled","footer-sml-layout":"","theme-transparent-header-meta":"","adv-header-id-meta":"","stick-header-meta":"","header-above-stick-meta":"","header-main-stick-meta":"","header-below-stick-meta":"","astra-migrate-meta-layouts":"set","ast-page-background-enabled":"default","ast-page-background-meta":{"desktop":{"background-color":"","background-image":"","background-repeat":"repeat","background-position":"center center","background-size":"auto","background-attachment":"scroll","background-type":"","background-media":"","overlay-type":"","overlay-color":"","overlay-gradient":""},"tablet":{"background-color":"","background-image":"","background-repeat":"repeat","background-position":"center center","background-size":"auto","background-attachment":"scroll","background-type":"","background-media":"","overlay-type":"","overlay-color":"","overlay-gradient":""},"mobile":{"background-color":"","background-image":"","background-repeat":"repeat","background-position":"center center","background-size":"auto","background-attachment":"scroll","background-type":"","background-media":"","overlay-type":"","overlay-color":"","overlay-gradient":""}},"ast-content-background-meta":{"desktop":{"background-color":"var(--ast-global-color-5)","background-image":"","background-repeat":"repeat","background-position":"center center","background-size":"auto","background-attachment":"scroll","background-type":"","background-media":"","overlay-type":"","overlay-color":"","overlay-gradient":""},"tablet":{"background-color":"var(--ast-global-color-5)","background-image":"","background-repeat":"repeat","background-position":"center center","background-size":"auto","background-attachment":"scroll","background-type":"","background-media":"","overlay-type":"","overlay-color":"","overlay-gradient":""},"mobile":{"background-color":"var(--ast-global-color-5)","background-image":"","background-repeat":"repeat","background-position":"center center","background-size":"auto","background-attachment":"scroll","background-type":"","background-media":"","overlay-type":"","overlay-color":"","overlay-gradient":""}},"footnotes":""},"class_list":["post-1346","page","type-page","status-publish","hentry"],"_links":{"self":[{"href":"https:\/\/kaunogatviuapsvietimas.lt\/index.php?rest_route=\/wp\/v2\/pages\/1346","targetHints":{"allow":["GET"]}}],"collection":[{"href":"https:\/\/kaunogatviuapsvietimas.lt\/index.php?rest_route=\/wp\/v2\/pages"}],"about":[{"href":"https:\/\/kaunogatviuapsvietimas.lt\/index.php?rest_route=\/wp\/v2\/types\/page"}],"author":[{"embeddable":true,"href":"https:\/\/kaunogatviuapsvietimas.lt\/index.php?rest_route=\/wp\/v2\/users\/1"}],"replies":[{"embeddable":true,"href":"https:\/\/kaunogatviuapsvietimas.lt\/index.php?rest_route=%2Fwp%2Fv2%2Fcomments&post=1346"}],"version-history":[{"count":7,"href":"https:\/\/kaunogatviuapsvietimas.lt\/index.php?rest_route=\/wp\/v2\/pages\/1346\/revisions"}],"predecessor-version":[{"id":1375,"href":"https:\/\/kaunogatviuapsvietimas.lt\/index.php?rest_route=\/wp\/v2\/pages\/1346\/revisions\/1375"}],"wp:attachment":[{"href":"https:\/\/kaunogatviuapsvietimas.lt\/index.php?rest_route=%2Fwp%2Fv2%2Fmedia&parent=1346"}],"curies":[{"name":"wp","href":"https:\/\/api.w.org\/{rel}","templated":true}]}}